{"id":591,"date":"2025-04-03T16:35:38","date_gmt":"2025-04-03T14:35:38","guid":{"rendered":"https:\/\/aromadirectory.it\/bien-etre-fitness\/"},"modified":"2025-07-17T19:06:26","modified_gmt":"2025-07-17T17:06:26","slug":"bien-etre-fitness","status":"publish","type":"page","link":"https:\/\/aromadirectory.it\/fr\/bien-etre-fitness\/","title":{"rendered":"Bien-etre &amp; fitness"},"content":{"rendered":"<div class=\"wpb-content-wrapper\"><p>[vc_row css_animation=\u00a0\u00bb\u00a0\u00bb row_type=\u00a0\u00bbrow\u00a0\u00bb use_row_as_full_screen_section=\u00a0\u00bbno\u00a0\u00bb type=\u00a0\u00bbfull_width\u00a0\u00bb angled_section=\u00a0\u00bbno\u00a0\u00bb text_align=\u00a0\u00bbcenter\u00a0\u00bb background_image_as_pattern=\u00a0\u00bbwithout_pattern\u00a0\u00bb z_index=\u00a0\u00bb\u00a0\u00bb][vc_column][vc_empty_space height=\u00a0\u00bb25px\u00a0\u00bb][vc_single_image image=\u00a0\u00bb329&Prime; img_size=\u00a0\u00bbfull\u00a0\u00bb alignment=\u00a0\u00bbcenter\u00a0\u00bb onclick=\u00a0\u00bbcustom_link\u00a0\u00bb css=\u00a0\u00bb\u00a0\u00bb qode_css_animation=\u00a0\u00bb\u00a0\u00bb link=\u00a0\u00bbhttps:\/\/aromadirectory.it\/fr\/\u00a0\u00bb][\/vc_column][\/vc_row][vc_row css_animation=\u00a0\u00bb\u00a0\u00bb row_type=\u00a0\u00bbrow\u00a0\u00bb use_row_as_full_screen_section=\u00a0\u00bbno\u00a0\u00bb type=\u00a0\u00bbfull_width\u00a0\u00bb angled_section=\u00a0\u00bbno\u00a0\u00bb text_align=\u00a0\u00bbcenter\u00a0\u00bb background_image_as_pattern=\u00a0\u00bbwithout_pattern\u00a0\u00bb z_index=\u00a0\u00bb\u00a0\u00bb][vc_column][vc_empty_space height=\u00a0\u00bb25px\u00a0\u00bb][vc_column_text css=\u00a0\u00bb\u00a0\u00bb]<\/p>\n<h2 class=\"hotel-info__header\" style=\"text-align: center;\">Occasions spe\u0301ciales<\/h2>\n<p>[\/vc_column_text][vc_empty_space height=\u00a0\u00bb25px\u00a0\u00bb][\/vc_column][\/vc_row][vc_row css_animation=\u00a0\u00bb\u00a0\u00bb row_type=\u00a0\u00bbrow\u00a0\u00bb use_row_as_full_screen_section=\u00a0\u00bbno\u00a0\u00bb type=\u00a0\u00bbfull_width\u00a0\u00bb angled_section=\u00a0\u00bbno\u00a0\u00bb text_align=\u00a0\u00bbleft\u00a0\u00bb background_image_as_pattern=\u00a0\u00bbwithout_pattern\u00a0\u00bb z_index=\u00a0\u00bb\u00a0\u00bb][vc_column]<div class=\"qode-accordion-holder clearfix qode-toggle qode-initial \">\n\t<h3 class=\"clearfix qode-title-holder\">\n<span class=\"qode-tab-title\">\n\t    <span class=\"qode-tab-title-inner\">\n        Livia Wellness &amp; Spa    <\/span>\n<\/span>\n<span class=\"qode-accordion-mark\">\n    <span class=\"qode-accordion-mark-icon\">\n        <span class=\"icon_plus\"><\/span>\n        <span class=\"icon_minus-06\"><\/span>\n    <\/span>\n<\/span>\n<\/h3>\n<div  class=\"qode-accordion-content \" >\n    <div class=\"qode-accordion-content-inner\">\n        [vc_single_image image=\u00a0\u00bb351&Prime; img_size=\u00a0\u00bbfull\u00a0\u00bb alignment=\u00a0\u00bbcenter\u00a0\u00bb css=\u00a0\u00bb\u00a0\u00bb qode_css_animation=\u00a0\u00bb\u00a0\u00bb][vc_empty_space height=\u00a0\u00bb20px\u00a0\u00bb][vc_column_text css=\u00a0\u00bb\u00a0\u00bb]Avec ses 3000 m\u00b2 d&rsquo;espaces inspir\u00e9s du style des thermes romains antiques, Livia Wellness &amp; SPA se distingue par ses environnements raffin\u00e9s et son service attentionn\u00e9 et impeccable.<\/p>\n<p>Le parcours de bien-\u00eatre se compose de plusieurs espaces, con\u00e7us pour r\u00e9g\u00e9n\u00e9rer et relaxer les h\u00f4tes: du parcours humide des deux bains turcs et de l&rsquo;impluvium romain, continuez dans la zone s\u00e8che avec sauna finlandais et biosauna, jusqu&rsquo;\u00e0 acc\u00e9der \u00e0 la piscine couverte de 50 m2 d&rsquo;eau saline avec sels et oligo-\u00e9l\u00e9ments formul\u00e9s selon les saisons.<br \/>Une large gamme de massages, rituels et soins de beaut\u00e9 visage-corps est disponible sur r\u00e9servation.<br \/>Pour les horaires d&rsquo;ouverture et les proc\u00e9dures pour les moins de 15 ans, veuillez contacter le SPA. <\/p>\n<p>Prix d&rsquo;entr\u00e9e 25,00 \u20ac par personne (45,00 eur pour la couple) et par jour, si non inclus dans le prix de la chambre.<\/p>\n<p><strong>Heures d&rsquo;ouverture: de 10h00 \u00e0 20h00 (dimanche-jeudi) &#8211; de 10h00 \u00e0 21h00 (vendred\u00ec-samedi).<\/strong>[\/vc_column_text][vc_empty_space height=\u00a0\u00bb20px\u00a0\u00bb][vc_column_text css=\u00a0\u00bb\u00a0\u00bb]<\/p>\n<h4>Spa<\/h4>\n<p>Le SPA offre une vaste gamme de formules de beaut\u00e9 pour le visage et le corps, s\u2019inspirant des principes holistiques et des rituels de la Rome antique.<br \/>Des op\u00e9rateurs attentifs et s\u00e9lectionn\u00e9s proposent des traitements de cosm\u00e9tologie biologique qui pr\u00e9voient un usage savant et personnalis\u00e9 de phyto-\u00e9l\u00e9ments \u2013 herbes, fleurs et \u00e9pices aromatiques &#8211; et garantissent l\u2019absence d\u2019ingr\u00e9dients chimiques.[\/vc_column_text][vc_empty_space height=\u00a0\u00bb20px\u00a0\u00bb][vc_column_text css=\u00a0\u00bb\u00a0\u00bb]<\/p>\n<h4>R\u00e9glement<\/h4>\n<p>Pour les enfants \u00e2g\u00e9s de 5 \u00e0 15 ans, l&rsquo;acc\u00e8s est autoris\u00e9 de 10h00 \u00e0 midi. L&rsquo;acc\u00e8s aux enfants de moins de 5 ans n&rsquo;est pas autoris\u00e9. La nudit\u00e9 compl\u00e8te n&rsquo;est pas autoris\u00e9e dans le SPA; dans le sauna et le bain turc, seule l&rsquo;utilisation d&rsquo;une serviette pour couvrir les parties intimes est autoris\u00e9e. Peignoir, chaussons et serviettes sont disponibles dans la chambre. Il est possible de demander des serviettes suppl\u00e9mentaires \u00e0 la Reception du Spat. En respectant les autres, veuillez respecter le silence maximum et \u00e9teindre les portables. Les objets perdus ou oubli\u00e9s seront conserv\u00e9s \u00e0 la r\u00e9ception du Spa Le personnel n&rsquo;est pas responsable des dommages aux objets de valeur.[\/vc_column_text]    <\/div>\n<\/div><\/div>[vc_empty_space height=\u00a0\u00bb25px\u00a0\u00bb]<div class=\"qode-accordion-holder clearfix qode-toggle qode-initial \">\n\t<h3 class=\"clearfix qode-title-holder\">\n<span class=\"qode-tab-title\">\n\t    <span class=\"qode-tab-title-inner\">\n        Massages &amp; Traitements    <\/span>\n<\/span>\n<span class=\"qode-accordion-mark\">\n    <span class=\"qode-accordion-mark-icon\">\n        <span class=\"icon_plus\"><\/span>\n        <span class=\"icon_minus-06\"><\/span>\n    <\/span>\n<\/span>\n<\/h3>\n<div  class=\"qode-accordion-content \" >\n    <div class=\"qode-accordion-content-inner\">\n        [vc_single_image image=\u00a0\u00bb353&Prime; img_size=\u00a0\u00bbfull\u00a0\u00bb alignment=\u00a0\u00bbcenter\u00a0\u00bb css=\u00a0\u00bb\u00a0\u00bb qode_css_animation=\u00a0\u00bb\u00a0\u00bb][vc_empty_space height=\u00a0\u00bb20px\u00a0\u00bb]<a  itemprop=\"url\" href=\"mailto:liviaspa@ldchotels.com?subject=R\u00e9servation%20de%20soins%20-%20Demande%20via%20hotel%20directory\" target=\"_blank\" data-hover-background-color=\"#000000\" data-hover-border-color=\"#FFFFFF\" data-hover-color=\"#FFFFFF\" class=\"qbutton  medium center white default\" style=\"color: #FFFFFF; border-color: #FFFFFF; font-weight: 500; font-family: JOST; font-size: 16px; margin: 5px 5px 5px 5px; background-color:#A6834A;\">res\u00e8rvez votre soin<\/a>[vc_empty_space height=\u00a0\u00bb10px\u00a0\u00bb][vc_column_text css=\u00a0\u00bb\u00a0\u00bb]Jetez un \u0153il \u00e0 nos traitements disponibles:[\/vc_column_text][vc_empty_space height=\u00a0\u00bb10px\u00a0\u00bb]<a  itemprop=\"url\" href=\"https:\/\/www.hotel-aroma.com\/it\/spa\/massaggi\/\" target=\"_blank\" data-hover-background-color=\"#000000\" data-hover-border-color=\"#FFFFFF\" data-hover-color=\"#FFFFFF\" class=\"qbutton  medium center white default\" style=\"color: #FFFFFF; border-color: #FFFFFF; font-weight: 500; font-family: JOST; font-size: 16px; margin: 5px 5px 5px 5px; background-color:#A6834A;\">MASSAGES<\/a>[vc_empty_space height=\u00a0\u00bb10px\u00a0\u00bb]<a  itemprop=\"url\" href=\"https:\/\/www.liviaspa.com\/it\/\" target=\"_blank\" data-hover-background-color=\"#000000\" data-hover-border-color=\"#FFFFFF\" data-hover-color=\"#FFFFFF\" class=\"qbutton  medium center white default\" style=\"color: #FFFFFF; border-color: #FFFFFF; font-weight: 500; font-family: JOST; font-size: 16px; margin: 5px 5px 5px 5px; background-color:#A6834A;\">RITUELS<\/a>[vc_empty_space height=\u00a0\u00bb10px\u00a0\u00bb]<a  itemprop=\"url\" href=\"https:\/\/www.liviaspa.com\/it\/\" target=\"_blank\" data-hover-background-color=\"#000000\" data-hover-border-color=\"#FFFFFF\" data-hover-color=\"#FFFFFF\" class=\"qbutton  medium center white default\" style=\"color: #FFFFFF; border-color: #FFFFFF; font-weight: 500; font-family: JOST; font-size: 16px; margin: 5px 5px 5px 5px; background-color:#A6834A;\">EXPERIENCE AU SPA<\/a>[vc_empty_space height=\u00a0\u00bb20px\u00a0\u00bb]    <\/div>\n<\/div><\/div>[vc_empty_space height=\u00a0\u00bb25px\u00a0\u00bb]<div class=\"qode-accordion-holder clearfix qode-toggle qode-initial \">\n\t<h3 class=\"clearfix qode-title-holder\">\n<span class=\"qode-tab-title\">\n\t    <span class=\"qode-tab-title-inner\">\n        Technogym gym    <\/span>\n<\/span>\n<span class=\"qode-accordion-mark\">\n    <span class=\"qode-accordion-mark-icon\">\n        <span class=\"icon_plus\"><\/span>\n        <span class=\"icon_minus-06\"><\/span>\n    <\/span>\n<\/span>\n<\/h3>\n<div  class=\"qode-accordion-content \" >\n    <div class=\"qode-accordion-content-inner\">\n        [vc_single_image image=\u00a0\u00bb355&Prime; img_size=\u00a0\u00bbfull\u00a0\u00bb alignment=\u00a0\u00bbcenter\u00a0\u00bb css=\u00a0\u00bb\u00a0\u00bb qode_css_animation=\u00a0\u00bb\u00a0\u00bb][vc_empty_space height=\u00a0\u00bb20px\u00a0\u00bb][vc_column_text css=\u00a0\u00bb\u00a0\u00bb]<\/p>\n<h4>Technogym gym<\/h4>\n<p>La salle de gym, situ\u00e9e \u00e0 l\u2019\u00e9tage -2, est \u00e9quip\u00e9e de machines Technogym de derni\u00e8re g\u00e9n\u00e9ration, d&rsquo;un rack avec des poids libres, d&rsquo;une zone d&rsquo;\u00e9tirement, de serviettes et de boissons fra\u00eeches. L&rsquo;acc\u00e8s est gratuit et r\u00e9serv\u00e9 aux clients de l&rsquo;h\u00f4tel. <\/p>\n<p><strong>Heures d&rsquo;ouverture: de 5h00 \u00e0 21h00<\/strong>[\/vc_column_text]    <\/div>\n<\/div><\/div>[vc_empty_space height=\u00a0\u00bb25px\u00a0\u00bb]<div class=\"qode-accordion-holder clearfix qode-toggle qode-initial \">\n\t<h3 class=\"clearfix qode-title-holder\">\n<span class=\"qode-tab-title\">\n\t    <span class=\"qode-tab-title-inner\">\n        Lac Sal\u00e9    <\/span>\n<\/span>\n<span class=\"qode-accordion-mark\">\n    <span class=\"qode-accordion-mark-icon\">\n        <span class=\"icon_plus\"><\/span>\n        <span class=\"icon_minus-06\"><\/span>\n    <\/span>\n<\/span>\n<\/h3>\n<div  class=\"qode-accordion-content \" >\n    <div class=\"qode-accordion-content-inner\">\n        [vc_single_image image=\u00a0\u00bb357&Prime; img_size=\u00a0\u00bbfull\u00a0\u00bb alignment=\u00a0\u00bbcenter\u00a0\u00bb css=\u00a0\u00bb\u00a0\u00bb qode_css_animation=\u00a0\u00bb\u00a0\u00bb][vc_empty_space height=\u00a0\u00bb20px\u00a0\u00bb][vc_column_text css=\u00a0\u00bb\u00a0\u00bb]<\/p>\n<h4>Lac Sal\u00e9<\/h4>\n<p>L&rsquo;acc\u00e8s \u00e0 la piscine ext\u00e9rieure, gratuit pour nos h\u00f4tes, est autoris\u00e9 tous les jours de mai \u00e0 octobre de 9h00 \u00e0 19h30. Le bar de la piscine est ouvert de mercred\u00ec \u00e0 dimanche de 10h30 \u00e0 18h00. Pour plus d&rsquo;informations, veuillez vous contacter nos coll\u00e8gues du spa.[\/vc_column_text]    <\/div>\n<\/div><\/div>[vc_empty_space height=\u00a0\u00bb25px\u00a0\u00bb]<div class=\"qode-accordion-holder clearfix qode-toggle qode-initial \">\n\t<h3 class=\"clearfix qode-title-holder\">\n<span class=\"qode-tab-title\">\n\t    <span class=\"qode-tab-title-inner\">\n        Sport &amp; bien-etre    <\/span>\n<\/span>\n<span class=\"qode-accordion-mark\">\n    <span class=\"qode-accordion-mark-icon\">\n        <span class=\"icon_plus\"><\/span>\n        <span class=\"icon_minus-06\"><\/span>\n    <\/span>\n<\/span>\n<\/h3>\n<div  class=\"qode-accordion-content \" >\n    <div class=\"qode-accordion-content-inner\">\n        [vc_single_image image=\u00a0\u00bb359&Prime; img_size=\u00a0\u00bbfull\u00a0\u00bb alignment=\u00a0\u00bbcenter\u00a0\u00bb css=\u00a0\u00bb\u00a0\u00bb qode_css_animation=\u00a0\u00bb\u00a0\u00bb][vc_empty_space height=\u00a0\u00bb20px\u00a0\u00bb][vc_column_text css=\u00a0\u00bb\u00a0\u00bb]<\/p>\n<h4>Sport &amp; bien-etre<\/h4>\n<p>L&rsquo;A.Roma Lifestyle h\u00f4tel a r\u00e9cemment activ\u00e9 une collaboration prestigieuse avec le <em><strong><a href=\"https:\/\/www.villayorksc.it\/gianicolo\/\">Villa York Gianicolo Sporting Center<\/a><\/strong><\/em>, une structure polyvalente attenante \u00e0 l&rsquo;h\u00f4tel et entour\u00e9e de verdure et dans la tranquillit\u00e9 de la Valle dei Casal<\/p>\n<p>Le centre sportif dispose de 700 m\u00e8tres carr\u00e9s de salles de fitness, de gymnases avec \u00e9quipement cardio-vasculaire et isotoniques \u00e0 la pointe, une piscine ext\u00e9rieure de 25 m\u00e8tres pour la baignade et l&rsquo;aquagym, une piscine r\u00e9serv\u00e9e aux enfants, 7 courts de tennis en terre battue, 2 courts de padel (disponibles \u00e0 partir de septembre 2021) et l&rsquo;assistance qualifi\u00e9e d&rsquo;un excellent staff technique.<\/p>\n<p>Pour plus d&rsquo;informations, veuillez contacter le service Guest Relations.[\/vc_column_text]    <\/div>\n<\/div><\/div>[\/vc_column][\/vc_row][vc_row css_animation=\u00a0\u00bb\u00a0\u00bb row_type=\u00a0\u00bbrow\u00a0\u00bb use_row_as_full_screen_section=\u00a0\u00bbno\u00a0\u00bb type=\u00a0\u00bbfull_width\u00a0\u00bb angled_section=\u00a0\u00bbno\u00a0\u00bb text_align=\u00a0\u00bbcenter\u00a0\u00bb background_image_as_pattern=\u00a0\u00bbwithout_pattern\u00a0\u00bb z_index=\u00a0\u00bb\u00a0\u00bb][vc_column][vc_empty_space height=\u00a0\u00bb40px\u00a0\u00bb][vc_column_text css=\u00a0\u00bb\u00a0\u00bb]<\/p>\n<h6 style=\"text-align: center;\"><a href=\"https:\/\/aromadirectory.it\/fr\/\">&lt;&lt;&lt; retour \u00e0 la home &lt;&lt;&lt;<\/a><\/h6>\n<p>[\/vc_column_text][vc_empty_space height=\u00a0\u00bb100px\u00a0\u00bb][\/vc_column][\/vc_row]<\/p>\n<\/div>","protected":false},"excerpt":{"rendered":"<p>[vc_row css_animation=\u00a0\u00bb\u00a0\u00bb row_type=\u00a0\u00bbrow\u00a0\u00bb use_row_as_full_screen_section=\u00a0\u00bbno\u00a0\u00bb type=\u00a0\u00bbfull_width\u00a0\u00bb angled_section=\u00a0\u00bbno\u00a0\u00bb text_align=\u00a0\u00bbcenter\u00a0\u00bb background_image_as_pattern=\u00a0\u00bbwithout_pattern\u00a0\u00bb z_index=\u00a0\u00bb\u00a0\u00bb][vc_column][vc_empty_space height=\u00a0\u00bb25px\u00a0\u00bb][vc_single_image image=\u00a0\u00bb329&Prime; img_size=\u00a0\u00bbfull\u00a0\u00bb alignment=\u00a0\u00bbcenter\u00a0\u00bb onclick=\u00a0\u00bbcustom_link\u00a0\u00bb css=\u00a0\u00bb\u00a0\u00bb qode_css_animation=\u00a0\u00bb\u00a0\u00bb link=\u00a0\u00bbhttps:\/\/aromadirectory.it\/fr\/\u00a0\u00bb][\/vc_column][\/vc_row][vc_row css_animation=\u00a0\u00bb\u00a0\u00bb row_type=\u00a0\u00bbrow\u00a0\u00bb use_row_as_full_screen_section=\u00a0\u00bbno\u00a0\u00bb type=\u00a0\u00bbfull_width\u00a0\u00bb angled_section=\u00a0\u00bbno\u00a0\u00bb text_align=\u00a0\u00bbcenter\u00a0\u00bb background_image_as_pattern=\u00a0\u00bbwithout_pattern\u00a0\u00bb z_index=\u00a0\u00bb\u00a0\u00bb][vc_column][vc_empty_space height=\u00a0\u00bb25px\u00a0\u00bb][vc_column_text css=\u00a0\u00bb\u00a0\u00bb] Occasions spe\u0301ciales [\/vc_column_text][vc_empty_space height=\u00a0\u00bb25px\u00a0\u00bb][\/vc_column][\/vc_row][vc_row css_animation=\u00a0\u00bb\u00a0\u00bb row_type=\u00a0\u00bbrow\u00a0\u00bb use_row_as_full_screen_section=\u00a0\u00bbno\u00a0\u00bb type=\u00a0\u00bbfull_width\u00a0\u00bb angled_section=\u00a0\u00bbno\u00a0\u00bb text_align=\u00a0\u00bbleft\u00a0\u00bb background_image_as_pattern=\u00a0\u00bbwithout_pattern\u00a0\u00bb z_index=\u00a0\u00bb\u00a0\u00bb][vc_column][vc_empty_space height=\u00a0\u00bb25px\u00a0\u00bb][vc_empty_space height=\u00a0\u00bb25px\u00a0\u00bb][vc_empty_space height=\u00a0\u00bb25px\u00a0\u00bb][vc_empty_space height=\u00a0\u00bb25px\u00a0\u00bb][\/vc_column][\/vc_row][vc_row css_animation=\u00a0\u00bb\u00a0\u00bb row_type=\u00a0\u00bbrow\u00a0\u00bb&#8230;<\/p>\n","protected":false},"author":1,"featured_media":0,"parent":0,"menu_order":0,"comment_status":"closed","ping_status":"closed","template":"full_width.php","meta":{"footnotes":""},"class_list":["post-591","page","type-page","status-publish","hentry"],"_links":{"self":[{"href":"https:\/\/aromadirectory.it\/fr\/wp-json\/wp\/v2\/pages\/591","targetHints":{"allow":["GET"]}}],"collection":[{"href":"https:\/\/aromadirectory.it\/fr\/wp-json\/wp\/v2\/pages"}],"about":[{"href":"https:\/\/aromadirectory.it\/fr\/wp-json\/wp\/v2\/types\/page"}],"author":[{"embeddable":true,"href":"https:\/\/aromadirectory.it\/fr\/wp-json\/wp\/v2\/users\/1"}],"replies":[{"embeddable":true,"href":"https:\/\/aromadirectory.it\/fr\/wp-json\/wp\/v2\/comments?post=591"}],"version-history":[{"count":6,"href":"https:\/\/aromadirectory.it\/fr\/wp-json\/wp\/v2\/pages\/591\/revisions"}],"predecessor-version":[{"id":675,"href":"https:\/\/aromadirectory.it\/fr\/wp-json\/wp\/v2\/pages\/591\/revisions\/675"}],"wp:attachment":[{"href":"https:\/\/aromadirectory.it\/fr\/wp-json\/wp\/v2\/media?parent=591"}],"curies":[{"name":"wp","href":"https:\/\/api.w.org\/{rel}","templated":true}]}}