{"id":595,"date":"2025-04-07T10:19:47","date_gmt":"2025-04-07T08:19:47","guid":{"rendered":"https:\/\/aromadirectory.it\/reunions-evenements-mariages\/"},"modified":"2025-07-14T15:36:28","modified_gmt":"2025-07-14T13:36:28","slug":"reunions-evenements-mariages","status":"publish","type":"page","link":"https:\/\/aromadirectory.it\/fr\/reunions-evenements-mariages\/","title":{"rendered":"R\u00e8unions, ev\u00e9nements &amp; mariages"},"content":{"rendered":"<div class=\"wpb-content-wrapper\"><p>[vc_row css_animation=\u00a0\u00bb\u00a0\u00bb row_type=\u00a0\u00bbrow\u00a0\u00bb use_row_as_full_screen_section=\u00a0\u00bbno\u00a0\u00bb type=\u00a0\u00bbfull_width\u00a0\u00bb angled_section=\u00a0\u00bbno\u00a0\u00bb text_align=\u00a0\u00bbcenter\u00a0\u00bb background_image_as_pattern=\u00a0\u00bbwithout_pattern\u00a0\u00bb z_index=\u00a0\u00bb\u00a0\u00bb][vc_column][vc_empty_space height=\u00a0\u00bb25px\u00a0\u00bb][vc_single_image image=\u00a0\u00bb329&Prime; img_size=\u00a0\u00bbfull\u00a0\u00bb alignment=\u00a0\u00bbcenter\u00a0\u00bb onclick=\u00a0\u00bbcustom_link\u00a0\u00bb css=\u00a0\u00bb\u00a0\u00bb qode_css_animation=\u00a0\u00bb\u00a0\u00bb link=\u00a0\u00bbhttps:\/\/aromadirectory.it\/fr\/\u00a0\u00bb][\/vc_column][\/vc_row][vc_row css_animation=\u00a0\u00bb\u00a0\u00bb row_type=\u00a0\u00bbrow\u00a0\u00bb use_row_as_full_screen_section=\u00a0\u00bbno\u00a0\u00bb type=\u00a0\u00bbfull_width\u00a0\u00bb angled_section=\u00a0\u00bbno\u00a0\u00bb text_align=\u00a0\u00bbcenter\u00a0\u00bb background_image_as_pattern=\u00a0\u00bbwithout_pattern\u00a0\u00bb z_index=\u00a0\u00bb\u00a0\u00bb][vc_column][vc_empty_space height=\u00a0\u00bb25px\u00a0\u00bb][vc_column_text css=\u00a0\u00bb\u00a0\u00bb]<\/p>\n<h2 class=\"hotel-info__header\" style=\"text-align: center;\">R\u00e8unions, ev\u00e9nements &amp; mariages<\/h2>\n<p>[\/vc_column_text][vc_empty_space height=\u00a0\u00bb25px\u00a0\u00bb][\/vc_column][\/vc_row][vc_row css_animation=\u00a0\u00bb\u00a0\u00bb row_type=\u00a0\u00bbrow\u00a0\u00bb use_row_as_full_screen_section=\u00a0\u00bbno\u00a0\u00bb type=\u00a0\u00bbfull_width\u00a0\u00bb angled_section=\u00a0\u00bbno\u00a0\u00bb text_align=\u00a0\u00bbleft\u00a0\u00bb background_image_as_pattern=\u00a0\u00bbwithout_pattern\u00a0\u00bb z_index=\u00a0\u00bb\u00a0\u00bb][vc_column]<div class=\"qode-accordion-holder clearfix qode-toggle qode-initial \">\n\t<h3 class=\"clearfix qode-title-holder\">\n<span class=\"qode-tab-title\">\n\t    <span class=\"qode-tab-title-inner\">\n        Centre des congre\u0300s    <\/span>\n<\/span>\n<span class=\"qode-accordion-mark\">\n    <span class=\"qode-accordion-mark-icon\">\n        <span class=\"icon_plus\"><\/span>\n        <span class=\"icon_minus-06\"><\/span>\n    <\/span>\n<\/span>\n<\/h3>\n<div  class=\"qode-accordion-content \" >\n    <div class=\"qode-accordion-content-inner\">\n        [vc_single_image image=\u00a0\u00bb409&Prime; img_size=\u00a0\u00bbfull\u00a0\u00bb alignment=\u00a0\u00bbcenter\u00a0\u00bb css=\u00a0\u00bb\u00a0\u00bb qode_css_animation=\u00a0\u00bb\u00a0\u00bb][vc_empty_space height=\u00a0\u00bb20px\u00a0\u00bb][vc_column_text css=\u00a0\u00bb\u00a0\u00bb]<\/p>\n<h4>Centre des congre\u0300s<\/h4>\n<div class=\"modal__content\">\n<p>Moderne et \u00e9l\u00e9gant, le centre de conf\u00e9rence de l&rsquo;h\u00f4tel A.ROMA Lifestyle est id\u00e9al pour accueillir des conf\u00e9rences et des r\u00e9unions d&rsquo;affaires, des \u00e9v\u00e9nements de divertissement et des d\u00eeners de gala. Les 19 salles modulables sont enti\u00e8rement personnalisables et peuvent accueillir de 10 \u00e0 1.200 personnes. Une \u00e9quipe exp\u00e9riment\u00e9e et hautement qualifi\u00e9e vous aidera \u00e0 rendre votre \u00e9v\u00e9nement inoubliable.  <\/p>\n<p>Pour informations et devis personnalis\u00e9s, veuillez contacter nos \u00e9quipes d\u00e9di\u00e9es aux contacts email suivants:<\/p>\n<p><strong><a href=\"mailto:mice.aroma@ldchotels.com\">mice.aroma@ldchotels.com<\/a><\/strong><br \/>\n<strong><a href=\"mailto:congress.aroma@ldchotels.com\">congress.aroma@ldchotels.com<\/a><\/strong><\/p>\n<\/div>\n<p>[\/vc_column_text][vc_empty_space height=\u00a0\u00bb20px\u00a0\u00bb][vc_gallery type=\u00a0\u00bbimage_grid\u00a0\u00bb images=\u00a0\u00bb393,407,405,403,401,399,397,395&Prime; img_size=\u00a0\u00bb400&#215;400&Prime; css=\u00a0\u00bb\u00a0\u00bb column_number=\u00a0\u00bb4&Prime; grayscale=\u00a0\u00bbno\u00a0\u00bb images_space=\u00a0\u00bbgallery_without_space\u00a0\u00bb]    <\/div>\n<\/div><\/div>[vc_empty_space height=\u00a0\u00bb25px\u00a0\u00bb]<div class=\"qode-accordion-holder clearfix qode-toggle qode-initial \">\n\t<h3 class=\"clearfix qode-title-holder\">\n<span class=\"qode-tab-title\">\n\t    <span class=\"qode-tab-title-inner\">\n        Salles de R\u00e9union    <\/span>\n<\/span>\n<span class=\"qode-accordion-mark\">\n    <span class=\"qode-accordion-mark-icon\">\n        <span class=\"icon_plus\"><\/span>\n        <span class=\"icon_minus-06\"><\/span>\n    <\/span>\n<\/span>\n<\/h3>\n<div  class=\"qode-accordion-content \" >\n    <div class=\"qode-accordion-content-inner\">\n        [vc_single_image image=\u00a0\u00bb411&Prime; img_size=\u00a0\u00bbfull\u00a0\u00bb alignment=\u00a0\u00bbcenter\u00a0\u00bb css=\u00a0\u00bb\u00a0\u00bb qode_css_animation=\u00a0\u00bb\u00a0\u00bb][vc_empty_space height=\u00a0\u00bb20px\u00a0\u00bb][vc_column_text css=\u00a0\u00bb\u00a0\u00bb]<\/p>\n<h4>Nos salles<\/h4>\n<div class=\"modal__content\">\n<div class=\"fusion-text fusion-text-1 paragrafo\">\n<p>Compos\u00e9 de dix-neuf <b>salles de r\u00e9union,<\/b> dont douze avec \u00e9clairage naturel et toutes \u00e9quip\u00e9es d\u2019une connexion Wi-Fi rapide et d\u2019un \u00e9quipement audio-visuel de pointe, le Centre de R\u00e9unions offre le plus grand mur LED d\u2019Italie (4 m x 12 m) \u2013 unique en son genre -, deux grands murs LED suppl\u00e9mentaires (2,8 m x 5 m) dans les salles pl\u00e9ni\u00e8res et dix-neuf \u00e9crans install\u00e9s dans toutes les salles, qui peuvent \u00eatre coordonn\u00e9s gr\u00e2ce \u00e0 un syst\u00e8me domotique int\u00e9gr\u00e9 de pointe.<\/p>\n<p>Sur demande, il est \u00e9galement possible d\u2019obtenir la derni\u00e8re configuration de la salle Bacco-Terra, convertie en une v\u00e9ritable salle de contr\u00f4le \u00e9quip\u00e9e de la technologie conference system, d\u2019une plate-forme num\u00e9rique interactive et de fonctions d\u00e9di\u00e9es aux \u00e9v\u00e8nements hybrides ou en streaming.<\/p>\n<\/div>\n<\/div>\n<p><a href=\"https:\/\/www.ldchotelsitaly.com\/it\/hotelaroma-roma\/meeting-eventi-roma\/sale-meeting-eventi\/\" target=\"_blank\" rel=\"noopener\"><strong>Demande cette salle<\/strong><\/a>[\/vc_column_text][vc_empty_space height=\u00a0\u00bb20px\u00a0\u00bb]    <\/div>\n<\/div><\/div>[vc_empty_space height=\u00a0\u00bb25px\u00a0\u00bb]<div class=\"qode-accordion-holder clearfix qode-toggle qode-initial \">\n\t<h3 class=\"clearfix qode-title-holder\">\n<span class=\"qode-tab-title\">\n\t    <span class=\"qode-tab-title-inner\">\n        Eve\u0301nements prive\u0301s    <\/span>\n<\/span>\n<span class=\"qode-accordion-mark\">\n    <span class=\"qode-accordion-mark-icon\">\n        <span class=\"icon_plus\"><\/span>\n        <span class=\"icon_minus-06\"><\/span>\n    <\/span>\n<\/span>\n<\/h3>\n<div  class=\"qode-accordion-content \" >\n    <div class=\"qode-accordion-content-inner\">\n        [vc_single_image image=\u00a0\u00bb413&Prime; img_size=\u00a0\u00bbfull\u00a0\u00bb alignment=\u00a0\u00bbcenter\u00a0\u00bb css=\u00a0\u00bb\u00a0\u00bb qode_css_animation=\u00a0\u00bb\u00a0\u00bb][vc_empty_space height=\u00a0\u00bb20px\u00a0\u00bb][vc_column_text css=\u00a0\u00bb\u00a0\u00bb]\u00c0 la recherche d\u2019un espace intime et \u00e9l\u00e9gant pour c\u00e9l\u00e9brer vos f\u00eates priv\u00e9es? Vous \u00eates au bon endroit, quelle que soit l\u2019occasion. Veuillez envoyer une demande \u00e0 notre \u00e9quipe des \u00e9v\u00e9nement en laissant vos coordonn\u00e9es. Vous serez contact\u00e9 bient\u00f4t pour une proposition.[\/vc_column_text][vc_empty_space height=\u00a0\u00bb20px\u00a0\u00bb]<a  itemprop=\"url\" href=\"mailto:events.aroma@ldchotels.com?subject=Private%20events%20-%20Demande%20via%20hotel%20directory\" target=\"_blank\" data-hover-background-color=\"#000000\" data-hover-border-color=\"#FFFFFF\" data-hover-color=\"#FFFFFF\" class=\"qbutton  medium center white default\" style=\"color: #FFFFFF; border-color: #FFFFFF; margin: 5px 5px 5px 5px; background-color:#A6834A;\">DEMANDEZ MAINTENANT<\/a>[vc_empty_space height=\u00a0\u00bb20px\u00a0\u00bb]    <\/div>\n<\/div><\/div>[vc_empty_space height=\u00a0\u00bb25px\u00a0\u00bb]<div class=\"qode-accordion-holder clearfix qode-toggle qode-initial \">\n\t<h3 class=\"clearfix qode-title-holder\">\n<span class=\"qode-tab-title\">\n\t    <span class=\"qode-tab-title-inner\">\n        Mariages    <\/span>\n<\/span>\n<span class=\"qode-accordion-mark\">\n    <span class=\"qode-accordion-mark-icon\">\n        <span class=\"icon_plus\"><\/span>\n        <span class=\"icon_minus-06\"><\/span>\n    <\/span>\n<\/span>\n<\/h3>\n<div  class=\"qode-accordion-content \" >\n    <div class=\"qode-accordion-content-inner\">\n        [vc_single_image image=\u00a0\u00bb415&Prime; img_size=\u00a0\u00bbfull\u00a0\u00bb alignment=\u00a0\u00bbcenter\u00a0\u00bb css=\u00a0\u00bb\u00a0\u00bb qode_css_animation=\u00a0\u00bb\u00a0\u00bb][vc_empty_space height=\u00a0\u00bb20px\u00a0\u00bb][vc_column_text css=\u00a0\u00bb\u00a0\u00bb]L\u2019A.Roma Lifestyle Hotel est un tout nouvel h\u00f4tel plong\u00e9 dans la verdure de la Valle dei Casali, l&rsquo;id\u00e9al pour les jeunes couples en qu\u00eate du plus beau cadre pour leur mariage \u00e0 Rome. L\u2019endroit est tout simplement parfait avec des espaces uniques tels que le grand jardin plein de pi\u00e8ces d\u2019art, la piscine d\u00e9couverte qui offre un d\u00e9cor id\u00e9al pour un d\u00eener aux chandelles au bord de l\u2019eau, ou les salles de mariage particuli\u00e8rement sc\u00e9nographiques.[\/vc_column_text][vc_empty_space height=\u00a0\u00bb20px\u00a0\u00bb][vc_column_text css=\u00a0\u00bb\u00a0\u00bb]<\/p>\n<h4 class=\"modal__title\"><strong>Choisir A.Roma Lifestyle Hotel signifie pr\u00e9f\u00e9rer:<\/strong><\/h4>\n<div class=\"modal__content\">\n<div class=\"modal__content\">\n<div class=\"modal__content\">\n<div class=\"modal__content\">\n<div class=\"modal__content\">\n<p>\u00c9l\u00e9gance et simplicit\u00e9 des int\u00e9rieurs comme des ext\u00e9rieurs<br \/>\nDes services sur mesure, des fleurs jusqu\u2019\u00e0 la musique T<br \/>\nUn personnel tr\u00e8s bien form\u00e9 et professionnel<br \/>\nDes menus de la cuisine italienne et internationale<br \/>\nLa commodit\u00e9 d&rsquo;un h\u00f4tel dot\u00e9 d\u2019un SPA pour ceux qui sont dans l\u2019obligation de rester \u00e0 Rome<br \/>\nUne collection d&rsquo;art priv\u00e9e qui rehausse la beaut\u00e9 des diff\u00e9rents espaces de l&rsquo;h\u00f4tel<br \/>\nRome, comme commencement du plus beau voyage de votre vie<\/p>\n<\/div>\n<\/div>\n<\/div>\n<\/div>\n<\/div>\n<p>[\/vc_column_text][vc_empty_space height=\u00a0\u00bb10px\u00a0\u00bb]<a  itemprop=\"url\" href=\"mailto:weddings.aroma@ldchotels.com?subject=Weddings%20-%20Demande%20via%20hotel%20directory\" target=\"_blank\" data-hover-background-color=\"#000000\" data-hover-border-color=\"#FFFFFF\" data-hover-color=\"#FFFFFF\" class=\"qbutton  medium center white default\" style=\"color: #FFFFFF; border-color: #FFFFFF; margin: 5px 5px 5px 5px; background-color:#A6834A;\">DEMANDEZ MAINTENANT<\/a>[vc_empty_space height=\u00a0\u00bb10px\u00a0\u00bb]<a  itemprop=\"url\" href=\"https:\/\/player.vimeo.com\/video\/216806370\" target=\"_blank\" data-hover-background-color=\"#000000\" data-hover-border-color=\"#FFFFFF\" data-hover-color=\"#FFFFFF\" class=\"qbutton  medium center white default\" style=\"color: #FFFFFF; border-color: #FFFFFF; margin: 5px 5px 5px 5px; background-color:#A6834A;\">Vid\u00e9o de mariage<\/a>[vc_empty_space height=\u00a0\u00bb10px\u00a0\u00bb]<a  itemprop=\"url\" href=\"https:\/\/www.ldchotelsitaly.com\/it\/hotelaroma-roma\/meeting-eventi-roma\/matrimoni-a-roma\/\" target=\"_blank\" data-hover-background-color=\"#000000\" data-hover-border-color=\"#FFFFFF\" data-hover-color=\"#FFFFFF\" class=\"qbutton  medium center white default\" style=\"color: #FFFFFF; border-color: #FFFFFF; margin: 5px 5px 5px 5px; background-color:#A6834A;\">Plus d&#039;informations<\/a>[vc_empty_space height=\u00a0\u00bb20px\u00a0\u00bb]    <\/div>\n<\/div><\/div>[\/vc_column][\/vc_row][vc_row css_animation=\u00a0\u00bb\u00a0\u00bb row_type=\u00a0\u00bbrow\u00a0\u00bb use_row_as_full_screen_section=\u00a0\u00bbno\u00a0\u00bb type=\u00a0\u00bbfull_width\u00a0\u00bb angled_section=\u00a0\u00bbno\u00a0\u00bb text_align=\u00a0\u00bbcenter\u00a0\u00bb background_image_as_pattern=\u00a0\u00bbwithout_pattern\u00a0\u00bb z_index=\u00a0\u00bb\u00a0\u00bb][vc_column][vc_empty_space height=\u00a0\u00bb40px\u00a0\u00bb][vc_column_text css=\u00a0\u00bb\u00a0\u00bb]<\/p>\n<h6 style=\"text-align: center;\"><a href=\"https:\/\/aromadirectory.it\/fr\/\">&lt;&lt;&lt; retour \u00e0 la home &lt;&lt;&lt;<\/a><\/h6>\n<p>[\/vc_column_text][vc_empty_space height=\u00a0\u00bb100px\u00a0\u00bb][\/vc_column][\/vc_row]<\/p>\n<\/div>","protected":false},"excerpt":{"rendered":"<p>[vc_row css_animation=\u00a0\u00bb\u00a0\u00bb row_type=\u00a0\u00bbrow\u00a0\u00bb use_row_as_full_screen_section=\u00a0\u00bbno\u00a0\u00bb type=\u00a0\u00bbfull_width\u00a0\u00bb angled_section=\u00a0\u00bbno\u00a0\u00bb text_align=\u00a0\u00bbcenter\u00a0\u00bb background_image_as_pattern=\u00a0\u00bbwithout_pattern\u00a0\u00bb z_index=\u00a0\u00bb\u00a0\u00bb][vc_column][vc_empty_space height=\u00a0\u00bb25px\u00a0\u00bb][vc_single_image image=\u00a0\u00bb329&Prime; img_size=\u00a0\u00bbfull\u00a0\u00bb alignment=\u00a0\u00bbcenter\u00a0\u00bb onclick=\u00a0\u00bbcustom_link\u00a0\u00bb css=\u00a0\u00bb\u00a0\u00bb qode_css_animation=\u00a0\u00bb\u00a0\u00bb link=\u00a0\u00bbhttps:\/\/aromadirectory.it\/fr\/\u00a0\u00bb][\/vc_column][\/vc_row][vc_row css_animation=\u00a0\u00bb\u00a0\u00bb row_type=\u00a0\u00bbrow\u00a0\u00bb use_row_as_full_screen_section=\u00a0\u00bbno\u00a0\u00bb type=\u00a0\u00bbfull_width\u00a0\u00bb angled_section=\u00a0\u00bbno\u00a0\u00bb text_align=\u00a0\u00bbcenter\u00a0\u00bb background_image_as_pattern=\u00a0\u00bbwithout_pattern\u00a0\u00bb z_index=\u00a0\u00bb\u00a0\u00bb][vc_column][vc_empty_space height=\u00a0\u00bb25px\u00a0\u00bb][vc_column_text css=\u00a0\u00bb\u00a0\u00bb] R\u00e8unions, ev\u00e9nements &amp; mariages [\/vc_column_text][vc_empty_space height=\u00a0\u00bb25px\u00a0\u00bb][\/vc_column][\/vc_row][vc_row css_animation=\u00a0\u00bb\u00a0\u00bb row_type=\u00a0\u00bbrow\u00a0\u00bb use_row_as_full_screen_section=\u00a0\u00bbno\u00a0\u00bb type=\u00a0\u00bbfull_width\u00a0\u00bb angled_section=\u00a0\u00bbno\u00a0\u00bb text_align=\u00a0\u00bbleft\u00a0\u00bb background_image_as_pattern=\u00a0\u00bbwithout_pattern\u00a0\u00bb z_index=\u00a0\u00bb\u00a0\u00bb][vc_column][vc_empty_space height=\u00a0\u00bb25px\u00a0\u00bb][vc_empty_space height=\u00a0\u00bb25px\u00a0\u00bb][vc_empty_space height=\u00a0\u00bb25px\u00a0\u00bb][\/vc_column][\/vc_row][vc_row css_animation=\u00a0\u00bb\u00a0\u00bb&#8230;<\/p>\n","protected":false},"author":1,"featured_media":0,"parent":0,"menu_order":0,"comment_status":"closed","ping_status":"closed","template":"","meta":{"footnotes":""},"class_list":["post-595","page","type-page","status-publish","hentry"],"_links":{"self":[{"href":"https:\/\/aromadirectory.it\/fr\/wp-json\/wp\/v2\/pages\/595","targetHints":{"allow":["GET"]}}],"collection":[{"href":"https:\/\/aromadirectory.it\/fr\/wp-json\/wp\/v2\/pages"}],"about":[{"href":"https:\/\/aromadirectory.it\/fr\/wp-json\/wp\/v2\/types\/page"}],"author":[{"embeddable":true,"href":"https:\/\/aromadirectory.it\/fr\/wp-json\/wp\/v2\/users\/1"}],"replies":[{"embeddable":true,"href":"https:\/\/aromadirectory.it\/fr\/wp-json\/wp\/v2\/comments?post=595"}],"version-history":[{"count":3,"href":"https:\/\/aromadirectory.it\/fr\/wp-json\/wp\/v2\/pages\/595\/revisions"}],"predecessor-version":[{"id":598,"href":"https:\/\/aromadirectory.it\/fr\/wp-json\/wp\/v2\/pages\/595\/revisions\/598"}],"wp:attachment":[{"href":"https:\/\/aromadirectory.it\/fr\/wp-json\/wp\/v2\/media?parent=595"}],"curies":[{"name":"wp","href":"https:\/\/api.w.org\/{rel}","templated":true}]}}