{"id":607,"date":"2025-05-27T16:05:37","date_gmt":"2025-05-27T14:05:37","guid":{"rendered":"https:\/\/aromadirectory.it\/famille\/"},"modified":"2025-07-14T16:12:33","modified_gmt":"2025-07-14T14:12:33","slug":"famille","status":"publish","type":"page","link":"https:\/\/aromadirectory.it\/fr\/famille\/","title":{"rendered":"Famille"},"content":{"rendered":"<div class=\"wpb-content-wrapper\"><p>[vc_row css_animation=\u00a0\u00bb\u00a0\u00bb row_type=\u00a0\u00bbrow\u00a0\u00bb use_row_as_full_screen_section=\u00a0\u00bbno\u00a0\u00bb type=\u00a0\u00bbfull_width\u00a0\u00bb angled_section=\u00a0\u00bbno\u00a0\u00bb text_align=\u00a0\u00bbcenter\u00a0\u00bb background_image_as_pattern=\u00a0\u00bbwithout_pattern\u00a0\u00bb z_index=\u00a0\u00bb\u00a0\u00bb][vc_column][vc_empty_space height=\u00a0\u00bb25px\u00a0\u00bb][vc_single_image image=\u00a0\u00bb329&Prime; img_size=\u00a0\u00bbfull\u00a0\u00bb alignment=\u00a0\u00bbcenter\u00a0\u00bb onclick=\u00a0\u00bbcustom_link\u00a0\u00bb css=\u00a0\u00bb\u00a0\u00bb qode_css_animation=\u00a0\u00bb\u00a0\u00bb link=\u00a0\u00bbhttps:\/\/aromadirectory.it\/fr\/\u00a0\u00bb][\/vc_column][\/vc_row][vc_row css_animation=\u00a0\u00bb\u00a0\u00bb row_type=\u00a0\u00bbrow\u00a0\u00bb use_row_as_full_screen_section=\u00a0\u00bbno\u00a0\u00bb type=\u00a0\u00bbfull_width\u00a0\u00bb angled_section=\u00a0\u00bbno\u00a0\u00bb text_align=\u00a0\u00bbcenter\u00a0\u00bb background_image_as_pattern=\u00a0\u00bbwithout_pattern\u00a0\u00bb z_index=\u00a0\u00bb\u00a0\u00bb][vc_column][vc_empty_space height=\u00a0\u00bb25px\u00a0\u00bb][vc_column_text css=\u00a0\u00bb\u00a0\u00bb]<\/p>\n<h2 class=\"hotel-info__header\" style=\"text-align: center;\">Famille<\/h2>\n<p>[\/vc_column_text][vc_empty_space height=\u00a0\u00bb25px\u00a0\u00bb][\/vc_column][\/vc_row][vc_row css_animation=\u00a0\u00bb\u00a0\u00bb row_type=\u00a0\u00bbrow\u00a0\u00bb use_row_as_full_screen_section=\u00a0\u00bbno\u00a0\u00bb type=\u00a0\u00bbfull_width\u00a0\u00bb angled_section=\u00a0\u00bbno\u00a0\u00bb text_align=\u00a0\u00bbleft\u00a0\u00bb background_image_as_pattern=\u00a0\u00bbwithout_pattern\u00a0\u00bb z_index=\u00a0\u00bb\u00a0\u00bb][vc_column]<div class=\"qode-accordion-holder clearfix qode-toggle qode-initial \">\n\t<h3 class=\"clearfix qode-title-holder\">\n<span class=\"qode-tab-title\">\n\t    <span class=\"qode-tab-title-inner\">\n        Aire de jeux pour enfants    <\/span>\n<\/span>\n<span class=\"qode-accordion-mark\">\n    <span class=\"qode-accordion-mark-icon\">\n        <span class=\"icon_plus\"><\/span>\n        <span class=\"icon_minus-06\"><\/span>\n    <\/span>\n<\/span>\n<\/h3>\n<div  class=\"qode-accordion-content \" >\n    <div class=\"qode-accordion-content-inner\">\n        [vc_single_image image=\u00a0\u00bb453&Prime; img_size=\u00a0\u00bbfull\u00a0\u00bb alignment=\u00a0\u00bbcenter\u00a0\u00bb css=\u00a0\u00bb\u00a0\u00bb qode_css_animation=\u00a0\u00bb\u00a0\u00bb][vc_empty_space height=\u00a0\u00bb20px\u00a0\u00bb][vc_column_text css=\u00a0\u00bb\u00a0\u00bb]<\/p>\n<h4>Aire de jeux pour enfants<\/h4>\n<div class=\"modal__content\">\n<p>Une aire de jeux con\u00e7ue sp\u00e9cifiquement pour vos enfants a r\u00e9cemment \u00e9t\u00e9 ouverte dans le restaurant Sapori dal Mondo. Il s\u2019agit d\u2019un espace tr\u00e8s grand et color\u00e9 \u00e9quip\u00e9 de chaises, tables, balles et jouets en peluche, chemins et jeux interactifs. <\/p>\n<p>L\u2019aire de jeux observe les heures d\u2019ouverture du restaurant et de la salle de petit d\u00e9jeuner.<\/p>\n<\/div>\n<p>[\/vc_column_text][vc_empty_space height=\u00a0\u00bb20px\u00a0\u00bb]    <\/div>\n<\/div><\/div>[vc_empty_space height=\u00a0\u00bb25px\u00a0\u00bb]<div class=\"qode-accordion-holder clearfix qode-toggle qode-initial \">\n\t<h3 class=\"clearfix qode-title-holder\">\n<span class=\"qode-tab-title\">\n\t    <span class=\"qode-tab-title-inner\">\n        Garderies d&#039;enfants    <\/span>\n<\/span>\n<span class=\"qode-accordion-mark\">\n    <span class=\"qode-accordion-mark-icon\">\n        <span class=\"icon_plus\"><\/span>\n        <span class=\"icon_minus-06\"><\/span>\n    <\/span>\n<\/span>\n<\/h3>\n<div  class=\"qode-accordion-content \" >\n    <div class=\"qode-accordion-content-inner\">\n        [vc_single_image image=\u00a0\u00bb455&Prime; img_size=\u00a0\u00bbfull\u00a0\u00bb alignment=\u00a0\u00bbcenter\u00a0\u00bb css=\u00a0\u00bb\u00a0\u00bb qode_css_animation=\u00a0\u00bb\u00a0\u00bb][vc_empty_space height=\u00a0\u00bb20px\u00a0\u00bb][vc_column_text css=\u00a0\u00bb\u00a0\u00bb]<\/p>\n<h4>Garderies d&rsquo;enfants<\/h4>\n<p><strong>Services de babysitting et d&rsquo;animation<\/strong><\/p>\n<p>En collaboration avec l&rsquo;agence Le Cicogne, nous avons \u00e9tudi\u00e9 des packages sur mesure pour divertir les plus petits directement dans votre chambre ou dans les espaces s\u00e9curis\u00e9s de la structure. Vous pouvez contacter les coll\u00e8gues du Guest Relations et envoyer la demande pour le service que vous int\u00e9resse. Vous recevrez \u00e0 r\u00e9ponse sous peu.  <\/p>\n<p><strong><br \/>\nLes services de babysitting<\/strong><\/p>\n<p>La babysitter cr\u00e9era des activit\u00e9s de jeu improvis\u00e9es avec les ressources disponibles tout en assurant une interaction saine avec l&rsquo;enfant, une surveillance et un soutien constant.[\/vc_column_text][vc_empty_space height=\u00a0\u00bb20px\u00a0\u00bb]<a  itemprop=\"url\" href=\"mailto:guestrelation.aroma@ldchotels.com?subject=Babysitting%20service%20-%20Demande%20via%20hotel%20directory\" target=\"_blank\" data-hover-background-color=\"#000000\" data-hover-border-color=\"#FFFFFF\" data-hover-color=\"#FFFFFF\" class=\"qbutton  medium center white default\" style=\"color: #FFFFFF; border-color: #FFFFFF; margin: 5px 5px 5px 5px; background-color:#A6834A;\">Reserve maintenant<\/a>[vc_empty_space height=\u00a0\u00bb20px\u00a0\u00bb][vc_column_text css=\u00a0\u00bb\u00a0\u00bb]<strong>Les autres services<\/strong><\/p>\n<p>Pour les familles qui ont des enfants, des lits suppl\u00e9mentaires, des lits b\u00e9b\u00e9, des chaises hautes et des menus d\u00e9di\u00e9es sont disponibles. Pour plus d&rsquo;informations, n&rsquo;h\u00e9sitez pas \u00e0 contacter la R\u00e9ception[\/vc_column_text][vc_empty_space height=\u00a0\u00bb20px\u00a0\u00bb]    <\/div>\n<\/div><\/div>[vc_empty_space height=\u00a0\u00bb25px\u00a0\u00bb]<div class=\"qode-accordion-holder clearfix qode-toggle qode-initial \">\n\t<h3 class=\"clearfix qode-title-holder\">\n<span class=\"qode-tab-title\">\n\t    <span class=\"qode-tab-title-inner\">\n        Activite\u0301s en famille    <\/span>\n<\/span>\n<span class=\"qode-accordion-mark\">\n    <span class=\"qode-accordion-mark-icon\">\n        <span class=\"icon_plus\"><\/span>\n        <span class=\"icon_minus-06\"><\/span>\n    <\/span>\n<\/span>\n<\/h3>\n<div  class=\"qode-accordion-content \" >\n    <div class=\"qode-accordion-content-inner\">\n        [vc_single_image image=\u00a0\u00bb457&Prime; img_size=\u00a0\u00bbfull\u00a0\u00bb alignment=\u00a0\u00bbcenter\u00a0\u00bb css=\u00a0\u00bb\u00a0\u00bb qode_css_animation=\u00a0\u00bb\u00a0\u00bb][vc_empty_space height=\u00a0\u00bb20px\u00a0\u00bb][vc_column_text css=\u00a0\u00bb\u00a0\u00bb]<\/p>\n<div class=\"modal__body\">\n<h4 class=\"modal__title\">Mus\u00e9e Explora<\/h4>\n<p class=\"modal__teaser\">Explora est un mus\u00e9e enti\u00e8rement d\u00e9di\u00e9 aux enfants avec des expositions, des jeux et des installations librement utilisables par les petits visiteurs, de nombreux ateliers ludiques-didactiques, biblioth\u00e8que, jardin et restaurant dans le centre de Rome. Situ\u00e9 au c\u0153ur de Rome entre la Villa Borghese et Piazza del Popolo, la philosophie de ce mus\u00e9e est de joindre l\u2019utile \u00e0 l\u2019agr\u00e9able, de promouvoir les activit\u00e9s du jeu comme des opportunit\u00e9s d\u2019enrichissement et de socialisation. <\/p>\n<div class=\"modal__content\">\n<p>Il est ouvert tous les jours sauf le lundi. Les r\u00e9servations sont recommand\u00e9es. <\/p>\n<p>Pour plus d\u2019informations et de co\u00fbts, contactez le service Guest Relations.<\/p>\n<\/div>\n<\/div>\n<p>[\/vc_column_text][vc_empty_space height=\u00a0\u00bb20px\u00a0\u00bb][vc_column_text css=\u00a0\u00bb\u00a0\u00bb]<\/p>\n<div class=\"modal__body\">\n<div class=\"modal__body\">\n<h4 class=\"modal__title\">Rainbow MagicLand<\/h4>\n<div class=\"modal__content\">\n<p>Rainbow MagicLand est le plus grand parc d\u2019attractions de Rome et est situ\u00e9 \u00e0 Valmontone facilement accessible par l\u2019autoroute A1 ou par les nombreuses navettes disponibles dans les principales gares.<\/p>\n<p>Le parc offre deS nombreuses attractions et spectacles, y compris le c\u00e9l\u00e8bre Choc, le Rapide, la maison d\u2019horreur Demonia, le Cin\u00e9ma 4D et l\u2019Extreme Motor Show. Il offre \u00e9galement de nombreuses aventures \u00e0 travers les ch\u00e2teaux m\u00e9di\u00e9vaux, dolmen pr\u00e9historiques, temples mayas et constructions architecturales extraordinaires appartenant \u00e0 chaque \u00e9poque. <\/p>\n<p>Pour plus d\u2019informations et de co\u00fbts, contactez le service Guest Relations<\/p>\n<\/div>\n<\/div>\n<\/div>\n<p>[\/vc_column_text][vc_empty_space height=\u00a0\u00bb20px\u00a0\u00bb][vc_column_text css=\u00a0\u00bb\u00a0\u00bb]<\/p>\n<div class=\"modal__body\">\n<div class=\"modal__body\">\n<div class=\"modal__body\">\n<h4 class=\"modal__title\">Cinecitta\u0300 World<\/h4>\n<div class=\"modal__content\">\n<p>Cinecitt\u00e0 World est un parc \u00e0 th\u00e8me situ\u00e9 dans la Rue de Castel Romano pr\u00e8s de la sortie du \u00ab\u00a0Castel Romano\u00a0\u00bb de S.S. 148 Pontina. Il peut \u00eatre accessible en voiture ou par un service de navette au d\u00e9part de l\u2019arr\u00eat Metro B Eur Palasport. <\/p>\n<p>Le parc est d\u00e9di\u00e9 au monde fascinant du cin\u00e9ma et est n\u00e9 sur la terre autrefois occup\u00e9e par les anciens Studios Cinecitt\u00e0 r\u00e9alis\u00e9s dans les ann\u00e9es soixante par Dino De Laurentiis. Amusement et \u00e9motions sont assur\u00e9s. Pr\u00e9parez-vous pour une nouvelle aventure \u00e0 coups de \u00ab\u00a0Lumi\u00e8re, moteur, action\u00a0\u00bb.<\/p>\n<p>Pour plus d\u2019informations et de co\u00fbts, contactez le service Guest Relations<\/p>\n<\/div>\n<\/div>\n<\/div>\n<\/div>\n<p>[\/vc_column_text][vc_empty_space height=\u00a0\u00bb20px\u00a0\u00bb][vc_column_text css=\u00a0\u00bb\u00a0\u00bb]<\/p>\n<div class=\"modal__body\">\n<div class=\"modal__body\">\n<div class=\"modal__body\">\n<div class=\"modal__body\">\n<h4 class=\"modal__title\">Cours de fabrication de pizza<\/h4>\n<div class=\"modal__content\">\n<p>Aimez-vous la pizza ? Etes-vous pr\u00eat \u00e0 devenir un v\u00e9ritable pizzeria italien? Si votre r\u00e9ponse est oui, cet atelier est pour vous. Vous saurez o\u00f9 la pizza est n\u00e9e et vous participerez \u00e0 un cours de pizza italien avec un vrai four \u00e0 bois. Apprenez de notre chef les secrets de comme obtenir la pizza romaine la plus croustillante, la plus fine et la plus d\u00e9licieuse.    <\/p>\n<p>Dur\u00e9e: 1.5 heures<\/p>\n<p>R\u00e9servations : Les r\u00e9servations sont recommand\u00e9es 24 heures \u00e0 l\u2019avance.<\/p>\n<p>Remarque : Veuillez indiquer possible allergies ou intol\u00e9rances. Le cours exige la pr\u00e9sence d\u2019un adulte qui participe \u00e0 l\u2019atelier avec l\u2019enfant. <\/p>\n<\/div>\n<\/div>\n<\/div>\n<\/div>\n<\/div>\n<p>[\/vc_column_text][vc_empty_space height=\u00a0\u00bb20px\u00a0\u00bb][vc_column_text css=\u00a0\u00bb\u00a0\u00bb]<\/p>\n<div class=\"modal__body\">\n<div class=\"modal__body\">\n<div class=\"modal__body\">\n<div class=\"modal__body\">\n<h4 class=\"modal__title\">Zoo secret de Rome<\/h4>\n<p class=\"modal__teaser\">Chasse aux animaux et au monstre<\/p>\n<div class=\"modal__content\">\n<p>Un zoo secret en plein c\u0153ur de Rome. Transformez la Ville \u00c9ternelle en un grand terrain de jeu! Perfectionnez vos comp\u00e9tences de chasse que nous visitons l\u2019Escalier de Trinit\u00e0 dei Monti, Fontaine de Trevi, Panth\u00e9on, Fontaine du Livre et Piazza Navona \u00e0 la recherche de tous les animaux de marbre qui se cachent dans tous les coins. Trouvez des animaux de partout dans le monde et celles d\u2019ailleurs inconnues. Ils sont cach\u00e9s partout et ils vous attendent pour \u00eatre lib\u00e9r\u00e9s. D\u00e9couvrez la magie et le myst\u00e8re des meilleurs secrets de Rome : le Zoo de Marbre!     <\/p>\n<p><b>Dur\u00e9e<\/b>: 3.5 heures<\/p>\n<p><b>Type de visite<\/b>: visite priv\u00e9e \u00e0 pied<\/p>\n<\/div>\n<\/div>\n<\/div>\n<\/div>\n<\/div>\n<p>[\/vc_column_text][vc_empty_space height=\u00a0\u00bb20px\u00a0\u00bb][vc_column_text css=\u00a0\u00bb\u00a0\u00bb]<\/p>\n<div class=\"modal__body\">\n<div class=\"modal__body\">\n<div class=\"modal__body\">\n<div class=\"modal__body\">\n<h4 class=\"modal__title\">Sport \u2013 jouez en famille<\/h4>\n<div class=\"modal__content\">\n<p>Rome n\u2019est pas seulement l\u2019histoire, l\u2019art et la culture. Apr\u00e8s une longue excursion de la ville, un jeu en famille peut \u00eatre la meilleure conclusion de votre journ\u00e9e. Etes-vous pr\u00eats pour un tournoi de tennis ou de soccer? Le gagnant b\u00e9n\u00e9ficiera d\u2019un prix tr\u00e8s sp\u00e9cial.   <\/p>\n<p>Pour plus d\u2019informations, contactez le service Guest Relations. Vous recevrez une r\u00e9ponse sous peu <\/p>\n<\/div>\n<\/div>\n<\/div>\n<\/div>\n<\/div>\n<p>[\/vc_column_text][vc_empty_space height=\u00a0\u00bb20px\u00a0\u00bb]    <\/div>\n<\/div><\/div>[\/vc_column][\/vc_row][vc_row css_animation=\u00a0\u00bb\u00a0\u00bb row_type=\u00a0\u00bbrow\u00a0\u00bb use_row_as_full_screen_section=\u00a0\u00bbno\u00a0\u00bb type=\u00a0\u00bbfull_width\u00a0\u00bb angled_section=\u00a0\u00bbno\u00a0\u00bb text_align=\u00a0\u00bbcenter\u00a0\u00bb background_image_as_pattern=\u00a0\u00bbwithout_pattern\u00a0\u00bb z_index=\u00a0\u00bb\u00a0\u00bb][vc_column][vc_empty_space height=\u00a0\u00bb40px\u00a0\u00bb][vc_column_text css=\u00a0\u00bb\u00a0\u00bb]<\/p>\n<h6 style=\"text-align: center;\"><a href=\"https:\/\/aromadirectory.it\/fr\/\">&lt;&lt;&lt; retour \u00e0 la home &lt;&lt;&lt;<\/a><\/h6>\n<p>[\/vc_column_text][vc_empty_space height=\u00a0\u00bb100px\u00a0\u00bb][\/vc_column][\/vc_row]<\/p>\n<\/div>","protected":false},"excerpt":{"rendered":"<p>[vc_row css_animation=\u00a0\u00bb\u00a0\u00bb row_type=\u00a0\u00bbrow\u00a0\u00bb use_row_as_full_screen_section=\u00a0\u00bbno\u00a0\u00bb type=\u00a0\u00bbfull_width\u00a0\u00bb angled_section=\u00a0\u00bbno\u00a0\u00bb text_align=\u00a0\u00bbcenter\u00a0\u00bb background_image_as_pattern=\u00a0\u00bbwithout_pattern\u00a0\u00bb z_index=\u00a0\u00bb\u00a0\u00bb][vc_column][vc_empty_space height=\u00a0\u00bb25px\u00a0\u00bb][vc_single_image image=\u00a0\u00bb329&Prime; img_size=\u00a0\u00bbfull\u00a0\u00bb alignment=\u00a0\u00bbcenter\u00a0\u00bb onclick=\u00a0\u00bbcustom_link\u00a0\u00bb css=\u00a0\u00bb\u00a0\u00bb qode_css_animation=\u00a0\u00bb\u00a0\u00bb link=\u00a0\u00bbhttps:\/\/aromadirectory.it\/fr\/\u00a0\u00bb][\/vc_column][\/vc_row][vc_row css_animation=\u00a0\u00bb\u00a0\u00bb row_type=\u00a0\u00bbrow\u00a0\u00bb use_row_as_full_screen_section=\u00a0\u00bbno\u00a0\u00bb type=\u00a0\u00bbfull_width\u00a0\u00bb angled_section=\u00a0\u00bbno\u00a0\u00bb text_align=\u00a0\u00bbcenter\u00a0\u00bb background_image_as_pattern=\u00a0\u00bbwithout_pattern\u00a0\u00bb z_index=\u00a0\u00bb\u00a0\u00bb][vc_column][vc_empty_space height=\u00a0\u00bb25px\u00a0\u00bb][vc_column_text css=\u00a0\u00bb\u00a0\u00bb] Famille [\/vc_column_text][vc_empty_space height=\u00a0\u00bb25px\u00a0\u00bb][\/vc_column][\/vc_row][vc_row css_animation=\u00a0\u00bb\u00a0\u00bb row_type=\u00a0\u00bbrow\u00a0\u00bb use_row_as_full_screen_section=\u00a0\u00bbno\u00a0\u00bb type=\u00a0\u00bbfull_width\u00a0\u00bb angled_section=\u00a0\u00bbno\u00a0\u00bb text_align=\u00a0\u00bbleft\u00a0\u00bb background_image_as_pattern=\u00a0\u00bbwithout_pattern\u00a0\u00bb z_index=\u00a0\u00bb\u00a0\u00bb][vc_column][vc_empty_space height=\u00a0\u00bb25px\u00a0\u00bb][vc_empty_space height=\u00a0\u00bb25px\u00a0\u00bb][\/vc_column][\/vc_row][vc_row css_animation=\u00a0\u00bb\u00a0\u00bb row_type=\u00a0\u00bbrow\u00a0\u00bb use_row_as_full_screen_section=\u00a0\u00bbno\u00a0\u00bb type=\u00a0\u00bbfull_width\u00a0\u00bb angled_section=\u00a0\u00bbno\u00a0\u00bb&#8230;<\/p>\n","protected":false},"author":1,"featured_media":0,"parent":0,"menu_order":0,"comment_status":"closed","ping_status":"closed","template":"","meta":{"footnotes":""},"class_list":["post-607","page","type-page","status-publish","hentry"],"_links":{"self":[{"href":"https:\/\/aromadirectory.it\/fr\/wp-json\/wp\/v2\/pages\/607","targetHints":{"allow":["GET"]}}],"collection":[{"href":"https:\/\/aromadirectory.it\/fr\/wp-json\/wp\/v2\/pages"}],"about":[{"href":"https:\/\/aromadirectory.it\/fr\/wp-json\/wp\/v2\/types\/page"}],"author":[{"embeddable":true,"href":"https:\/\/aromadirectory.it\/fr\/wp-json\/wp\/v2\/users\/1"}],"replies":[{"embeddable":true,"href":"https:\/\/aromadirectory.it\/fr\/wp-json\/wp\/v2\/comments?post=607"}],"version-history":[{"count":3,"href":"https:\/\/aromadirectory.it\/fr\/wp-json\/wp\/v2\/pages\/607\/revisions"}],"predecessor-version":[{"id":610,"href":"https:\/\/aromadirectory.it\/fr\/wp-json\/wp\/v2\/pages\/607\/revisions\/610"}],"wp:attachment":[{"href":"https:\/\/aromadirectory.it\/fr\/wp-json\/wp\/v2\/media?parent=607"}],"curies":[{"name":"wp","href":"https:\/\/api.w.org\/{rel}","templated":true}]}}