{"id":615,"date":"2025-03-26T15:55:56","date_gmt":"2025-03-26T14:55:56","guid":{"rendered":"https:\/\/aromadirectory.it\/votre-chambre\/"},"modified":"2025-10-23T20:58:51","modified_gmt":"2025-10-23T18:58:51","slug":"votre-chambre","status":"publish","type":"page","link":"https:\/\/aromadirectory.it\/fr\/votre-chambre\/","title":{"rendered":"Votre chambre"},"content":{"rendered":"<div class=\"wpb-content-wrapper\"><p>[vc_row css_animation=\u00a0\u00bb\u00a0\u00bb row_type=\u00a0\u00bbrow\u00a0\u00bb use_row_as_full_screen_section=\u00a0\u00bbno\u00a0\u00bb type=\u00a0\u00bbfull_width\u00a0\u00bb angled_section=\u00a0\u00bbno\u00a0\u00bb text_align=\u00a0\u00bbcenter\u00a0\u00bb background_image_as_pattern=\u00a0\u00bbwithout_pattern\u00a0\u00bb z_index=\u00a0\u00bb\u00a0\u00bb][vc_column][vc_empty_space height=\u00a0\u00bb25px\u00a0\u00bb][vc_single_image image=\u00a0\u00bb329&Prime; img_size=\u00a0\u00bbfull\u00a0\u00bb alignment=\u00a0\u00bbcenter\u00a0\u00bb onclick=\u00a0\u00bbcustom_link\u00a0\u00bb css=\u00a0\u00bb\u00a0\u00bb qode_css_animation=\u00a0\u00bb\u00a0\u00bb link=\u00a0\u00bbhttps:\/\/aromadirectory.it\/fr\/\u00a0\u00bb][\/vc_column][\/vc_row][vc_row css_animation=\u00a0\u00bb\u00a0\u00bb row_type=\u00a0\u00bbrow\u00a0\u00bb use_row_as_full_screen_section=\u00a0\u00bbno\u00a0\u00bb type=\u00a0\u00bbfull_width\u00a0\u00bb angled_section=\u00a0\u00bbno\u00a0\u00bb text_align=\u00a0\u00bbcenter\u00a0\u00bb background_image_as_pattern=\u00a0\u00bbwithout_pattern\u00a0\u00bb z_index=\u00a0\u00bb\u00a0\u00bb][vc_column][vc_empty_space height=\u00a0\u00bb25px\u00a0\u00bb][vc_column_text css=\u00a0\u00bb\u00a0\u00bb]<\/p>\n<h2 class=\"hotel-info__header\" style=\"text-align: center;\">Votre chambre<\/h2>\n<p>[\/vc_column_text][vc_empty_space height=\u00a0\u00bb25px\u00a0\u00bb][\/vc_column][\/vc_row][vc_row css_animation=\u00a0\u00bb\u00a0\u00bb row_type=\u00a0\u00bbrow\u00a0\u00bb use_row_as_full_screen_section=\u00a0\u00bbno\u00a0\u00bb type=\u00a0\u00bbfull_width\u00a0\u00bb angled_section=\u00a0\u00bbno\u00a0\u00bb text_align=\u00a0\u00bbleft\u00a0\u00bb background_image_as_pattern=\u00a0\u00bbwithout_pattern\u00a0\u00bb z_index=\u00a0\u00bb\u00a0\u00bb][vc_column]<div class=\"qode-accordion-holder clearfix qode-toggle qode-initial \">\n\t<h3 class=\"clearfix qode-title-holder\">\n<span class=\"qode-tab-title\">\n\t    <span class=\"qode-tab-title-inner\">\n        Housekeeping &amp; entretien    <\/span>\n<\/span>\n<span class=\"qode-accordion-mark\">\n    <span class=\"qode-accordion-mark-icon\">\n        <span class=\"icon_plus\"><\/span>\n        <span class=\"icon_minus-06\"><\/span>\n    <\/span>\n<\/span>\n<\/h3>\n<div  class=\"qode-accordion-content \" >\n    <div class=\"qode-accordion-content-inner\">\n        [vc_single_image image=\u00a0\u00bb331&Prime; img_size=\u00a0\u00bbfull\u00a0\u00bb alignment=\u00a0\u00bbcenter\u00a0\u00bb css=\u00a0\u00bb\u00a0\u00bb qode_css_animation=\u00a0\u00bb\u00a0\u00bb][vc_empty_space height=\u00a0\u00bb20px\u00a0\u00bb][vc_column_text css=\u00a0\u00bb\u00a0\u00bb]<\/p>\n<h4>Nettoyage de la chambre<\/h4>\n<p>Le service de nettoyage de la chambre est effectu\u00e9 une fois par jour avec la couverture du soir. Si vous pr\u00e9f\u00e9rez sp\u00e9cifier une heure pr\u00e9cise pour le nettoyage, veuillez contacter le r\u00e9ception. Si vous ne le souhaitez pas , veuillez afficher l\u2019\u00e9tiquette \u00ab Ne pas d\u00e9ranger \u00bb\u00e0 l\u2019ext\u00e9rieur de la porte.<\/p>\n<p>Vous pouvez \u00e9galement ignorer le nettoyage de la chambre de demain via ce SuitePad:[\/vc_column_text][vc_empty_space height=\u00a0\u00bb10px\u00a0\u00bb]<a  itemprop=\"url\" href=\"mailto:info.aroma@ldchotels.com?subject=Skip%20room%20cleaning%20-%20Demande%20via%20hotel%20directory\" target=\"_blank\" data-hover-background-color=\"#000000\" data-hover-border-color=\"#FFFFFF\" data-hover-color=\"#FFFFFF\" class=\"qbutton  medium center white default\" style=\"color: #FFFFFF; border-color: #FFFFFF; font-weight: 500; font-family: JOST; font-size: 16px; margin: 5px 5px 5px 5px; background-color:#A6834A;\">DEMANDEZ MAINTENANT<\/a>[vc_empty_space height=\u00a0\u00bb20px\u00a0\u00bb][vc_column_text css=\u00a0\u00bb\u00a0\u00bb]<\/p>\n<h4>Draps suppl\u00e9mentaires et surmatelas sur demande<\/h4>\n<p>Des couvertures, des coussins, des draps et des matelas toppers en plus, anallergiques aussi, sont disponibles sur demande. Pour toute information suppl\u00e9mentaire, vous pouvez contacter la r\u00e9ception.[\/vc_column_text][vc_empty_space height=\u00a0\u00bb10px\u00a0\u00bb]<a  itemprop=\"url\" href=\"mailto:info.aroma@ldchotels.com?subject=Housekeeping%20-%20Demande%20via%20hotel%20directory\" target=\"_blank\" data-hover-background-color=\"#000000\" data-hover-border-color=\"#FFFFFF\" data-hover-color=\"#FFFFFF\" class=\"qbutton  medium center white default\" style=\"color: #FFFFFF; border-color: #FFFFFF; font-weight: 500; font-family: JOST; font-size: 16px; margin: 5px 5px 5px 5px; background-color:#A6834A;\">ENVOYER UN MESSAGE<\/a>[vc_empty_space height=\u00a0\u00bb20px\u00a0\u00bb][vc_column_text css=\u00a0\u00bb\u00a0\u00bb]<\/p>\n<h4>Signalement des interventions de r\u00e9parations<\/h4>\n<p>N&rsquo;h\u00e9sitez pas \u00e0 signaler tout d\u00e9faut ou anomalie \u00e0 la R\u00e9ception. Nous serons heureux de vous assister avec une intervention de r\u00e9paration le plus rapidement possible.[\/vc_column_text][vc_empty_space height=\u00a0\u00bb10px\u00a0\u00bb]<a  itemprop=\"url\" href=\"mailto:info.aroma@ldchotels.com?subject=Maintenance%20-%20Demande%20via%20hotel%20directory\" target=\"_blank\" data-hover-background-color=\"#000000\" data-hover-border-color=\"#FFFFFF\" data-hover-color=\"#FFFFFF\" class=\"qbutton  medium center white default\" style=\"color: #FFFFFF; border-color: #FFFFFF; font-weight: 500; font-family: JOST; font-size: 16px; margin: 5px 5px 5px 5px; background-color:#A6834A;\">ENVOYER UN MESSAGE<\/a>    <\/div>\n<\/div><\/div>[vc_empty_space height=\u00a0\u00bb25px\u00a0\u00bb]<div class=\"qode-accordion-holder clearfix qode-toggle qode-initial \">\n\t<h3 class=\"clearfix qode-title-holder\">\n<span class=\"qode-tab-title\">\n\t    <span class=\"qode-tab-title-inner\">\n        Blanchisserie, nettoyage \u00e0 sec et repassage    <\/span>\n<\/span>\n<span class=\"qode-accordion-mark\">\n    <span class=\"qode-accordion-mark-icon\">\n        <span class=\"icon_plus\"><\/span>\n        <span class=\"icon_minus-06\"><\/span>\n    <\/span>\n<\/span>\n<\/h3>\n<div  class=\"qode-accordion-content \" >\n    <div class=\"qode-accordion-content-inner\">\n        [vc_single_image image=\u00a0\u00bb333&Prime; img_size=\u00a0\u00bbfull\u00a0\u00bb alignment=\u00a0\u00bbcenter\u00a0\u00bb css=\u00a0\u00bb\u00a0\u00bb qode_css_animation=\u00a0\u00bb\u00a0\u00bb][vc_empty_space height=\u00a0\u00bb20px\u00a0\u00bb][vc_column_text css=\u00a0\u00bb\u00a0\u00bb]. Le service de blanchisserie est disponible chaque jour de la semaine.<br \/>\nUn service de repassage express est disponible chaque jour avec livraison dans une heure.<br \/>\nLe service de repassage \u00e0 sec est disponible tous les jours, except\u00e9 le dimanche et les jours f\u00e9ri\u00e9s.<\/p>\n<p>Pour le service standard, la livraison est pr\u00e9vue dans 24 heures. Pour le service express la livraison sera \u00e0 19h00, retrait avant 10h00 avec un suppl\u00e9ment del 30% pour tous les services. On vous demande s\u2019il vous pla\u00eet de nous indiquer les services de votre int\u00e9r\u00eat et de mettre votre linge dans la sac avec notre logo.<br \/>\nPour toute information suppl\u00e9mentaire, vous pouvez contacter la R\u00e9ception.[\/vc_column_text][vc_empty_space height=\u00a0\u00bb10px\u00a0\u00bb]<a  itemprop=\"url\" href=\"https:\/\/aromadirectory.it\/wp-content\/uploads\/2025\/04\/lavanderia-laundry.pdf\" target=\"_blank\" data-hover-background-color=\"#000000\" data-hover-border-color=\"#FFFFFF\" data-hover-color=\"#FFFFFF\" class=\"qbutton  medium center white default\" style=\"color: #FFFFFF; border-color: #FFFFFF; font-weight: 500; font-family: JOST; font-size: 16px; margin: 5px 5px 5px 5px; background-color:#A6834A;\">PLUS D'INFORMATION<\/a>[vc_empty_space height=\u00a0\u00bb20px\u00a0\u00bb][vc_column_text css=\u00a0\u00bb\u00a0\u00bb]<\/p>\n<h4>R\u00eaglement<\/h4>\n<p>L\u2019h\u00f4tel n\u2019est pas tenu responsable du r\u00e9tr\u00e9cissement possible des v\u00eatements, de la d\u00e9coloration, de la perte et de la d\u00e9t\u00e9rioration des boutons. En cas de perte ou de dommages aux v\u00eatements, l\u2019A. ROME Lifestyle Hotel remboursera une limite maximale de 5 fois le prix du lavage. Tout dommage ou perte doit \u00eatre signal\u00e9 dans les 24 heures suivant le retrait[\/vc_column_text]    <\/div>\n<\/div><\/div>[vc_empty_space height=\u00a0\u00bb25px\u00a0\u00bb]<div class=\"qode-accordion-holder clearfix qode-toggle qode-initial \">\n\t<h3 class=\"clearfix qode-title-holder\">\n<span class=\"qode-tab-title\">\n\t    <span class=\"qode-tab-title-inner\">\n        Initiative LDC GoGreen    <\/span>\n<\/span>\n<span class=\"qode-accordion-mark\">\n    <span class=\"qode-accordion-mark-icon\">\n        <span class=\"icon_plus\"><\/span>\n        <span class=\"icon_minus-06\"><\/span>\n    <\/span>\n<\/span>\n<\/h3>\n<div  class=\"qode-accordion-content \" >\n    <div class=\"qode-accordion-content-inner\">\n        [vc_single_image image=\u00a0\u00bb335&Prime; img_size=\u00a0\u00bbfull\u00a0\u00bb alignment=\u00a0\u00bbcenter\u00a0\u00bb css=\u00a0\u00bb\u00a0\u00bb qode_css_animation=\u00a0\u00bb\u00a0\u00bb][vc_empty_space height=\u00a0\u00bb20px\u00a0\u00bb][vc_column_text css=\u00a0\u00bb\u00a0\u00bb]<\/p>\n<h4>Initiative LDC GoGreen<\/h4>\n<p>Le group LDC H\u00f4tels &amp; Resorts a r\u00e9cemment renouvel\u00e9 sa propre philosophie d\u2019entreprise tout en favorisant le projet \u201cLDC Go Green\u201d qui supporte une culture eco-friedly et durable.<br \/>\nDans notre h\u00f4tel, nous avons \u00e9limin\u00e9 tous les gaspillages, limit\u00e9 l\u2019usage de plastique, m\u00e9taux et nettoyants chimiques en faveur de produits \u00e9cologiques, recyclables ou compl\u00e8tement biod\u00e9gradable.<\/p>\n<p>Votre chambre sera nettoy\u00e9e chaque jour. Si vous choisissez de ne pas b\u00e9n\u00e9ficier du nettoyage ou du changement de linge quotidien, dans un esprit d\u2019\u00e9conomie d\u2019\u00e9nergie pour prot\u00e9ger l\u2019environnement, vous devrez tout simplement mettre l\u2019\u00e9tiquette verte \u201cLDC Go Green\u201d devant la porte de votre chambre.<br \/>\nPour vous remercier, l\u2019\u00e9quipe de l\u2019A.Roma Lifestyle H\u00f4tel sera heureuse de vous offrir un voucher de reduction de 15 \u20ac \u00e0 consommer au Bar, Restaurant, Spa ou pour le service de navette.<br \/>\nVous pouvez r\u00e9cup\u00e9rer les vouchers \u00e0 la R\u00e9ception apr\u00e8s 18h00 heures le m\u00eame jour dont le nettoyage n\u2019a pas \u00e9t\u00e9 fait.<\/p>\n<p>Vous pouvez \u00e9galement ignorer le nettoyage de la chambre de demain via ce SuitePad:[\/vc_column_text][vc_empty_space height=\u00a0\u00bb10px\u00a0\u00bb]<a  itemprop=\"url\" href=\"mailto:info.aroma@ldchotels.com?subject=Skip%20room%20cleaning%20-%20Demande%20via%20hotel%20directory\" target=\"_blank\" data-hover-background-color=\"#000000\" data-hover-border-color=\"#FFFFFF\" data-hover-color=\"#FFFFFF\" class=\"qbutton  medium center white default\" style=\"color: #FFFFFF; border-color: #FFFFFF; font-weight: 500; font-family: JOST; font-size: 16px; margin: 5px 5px 5px 5px; background-color:#A6834A;\">DEMANDEZ MAINTENANT<\/a>    <\/div>\n<\/div><\/div>[vc_empty_space height=\u00a0\u00bb25px\u00a0\u00bb]<div class=\"qode-accordion-holder clearfix qode-toggle qode-initial \">\n\t<h3 class=\"clearfix qode-title-holder\">\n<span class=\"qode-tab-title\">\n\t    <span class=\"qode-tab-title-inner\">\n        Equipements de la chambre    <\/span>\n<\/span>\n<span class=\"qode-accordion-mark\">\n    <span class=\"qode-accordion-mark-icon\">\n        <span class=\"icon_plus\"><\/span>\n        <span class=\"icon_minus-06\"><\/span>\n    <\/span>\n<\/span>\n<\/h3>\n<div  class=\"qode-accordion-content \" >\n    <div class=\"qode-accordion-content-inner\">\n        [vc_single_image image=\u00a0\u00bb337&Prime; img_size=\u00a0\u00bbfull\u00a0\u00bb alignment=\u00a0\u00bbcenter\u00a0\u00bb css=\u00a0\u00bb\u00a0\u00bb qode_css_animation=\u00a0\u00bb\u00a0\u00bb][vc_empty_space height=\u00a0\u00bb20px\u00a0\u00bb][vc_column_text css=\u00a0\u00bb\u00a0\u00bb]<\/p>\n<h4>Coffre-fort<\/h4>\n<p>Dans chaque chambre, il y a un coffre-fort pour ranger les effets personnels et les ordinateurs portables, avec les instructions d&rsquo;utilisation que vous trouverez \u00e0 l&rsquo;int\u00e9rieur[\/vc_column_text][vc_empty_space height=\u00a0\u00bb20px\u00a0\u00bb][vc_column_text css=\u00a0\u00bb\u00a0\u00bb]<\/p>\n<h4>Minibar<\/h4>\n<p>Dans chaque chambre le service de minibar avec snacks et boissons non alcoholic est offert par l\u2019A.Roma Lifestyle H\u00f4tel. Il est remplac\u00e9 une fois par jour.[\/vc_column_text][vc_empty_space height=\u00a0\u00bb20px\u00a0\u00bb][vc_column_text css=\u00a0\u00bb\u00a0\u00bb]<\/p>\n<h4>Tapis de yoga<\/h4>\n<p>Chaque chambre est \u00e9quip\u00e9e d\u2019un tapis de yoga qui peut \u00eatre librement utilis\u00e9 pendant votre s\u00e9jour. Il est possible de l\u2019acheter \u00e0 un prix suppl\u00e9mentaire de 15,00 euros. Pour plus d\u2019informations, veuillez contacter la r\u00e9ception.[\/vc_column_text][vc_empty_space height=\u00a0\u00bb20px\u00a0\u00bb][vc_column_text css=\u00a0\u00bb\u00a0\u00bb]<\/p>\n<h4>Linge de lit, linge de bain et produits de courtoisie<\/h4>\n<p>Une large gamme de produits de courtoisie personnalis\u00e9s avec notre logo est disponible dans nos chambres. Vous trouverez \u00e0 la R\u00e9ception, sur demande et sans frais suppl\u00e9mentaires, le set de rasage et le kit dentaire.<br \/>\nPour le confort de nos clients, nous avons soigneusement choisi une linge de lit de haute qualit\u00e9. Vous pouvez acheter les articles selon les prix ci-dessus:<br \/>\nPeignoir (100,00 \u20ac)<br \/>\nServiettes visage (25,00 \u20ac)<br \/>\nServiette de douche (35,00 \u20ac)<\/p>\n<p>Pour toute information suppl\u00e9mentaire, n&rsquo;h\u00e9sitez pas \u00e0 contacter la R\u00e9ception.[\/vc_column_text][vc_empty_space height=\u00a0\u00bb20px\u00a0\u00bb][vc_column_text css=\u00a0\u00bb\u00a0\u00bb]<\/p>\n<h4>No smoking policy<\/h4>\n<p>L\u2019A.Roma Lifestyle H\u00f4tel s\u2019engage \u00e0 offrir un endroit 100% non-fumeur. Il est donc interdit de fumer dans tous les chambres de l\u2019h\u00f4tel. En cas de fume, une amende de 150,00 \u20ac sera factur\u00e9e.[\/vc_column_text][vc_empty_space height=\u00a0\u00bb20px\u00a0\u00bb][vc_column_text css=\u00a0\u00bb\u00a0\u00bb]<\/p>\n<h4>Internet e wi-fi<\/h4>\n<p>Dans toutes les chambres il y a une connexion internet Wi-Fi haute vitesse gratuite pour les dispositifs iOS et Android. Pour activer la connexion, scansionez le code QR et accedez au r\u00e9seau A.RomaLifestyle Hotel Guest.<br \/>\nSi vous avez besoin d\u2019assistance, vous pouvez contacter la R\u00e9ception.[\/vc_column_text][vc_empty_space height=\u00a0\u00bb20px\u00a0\u00bb][vc_column_text css=\u00a0\u00bb\u00a0\u00bb]<\/p>\n<h4>Fer \u00e0 repasser<\/h4>\n<p>Fer et planche \u00e0 repasser sont disponibles gratuitement sur demande, en contactant la R\u00e9ception.[\/vc_column_text]    <\/div>\n<\/div><\/div>[vc_empty_space height=\u00a0\u00bb25px\u00a0\u00bb]<div class=\"qode-accordion-holder clearfix qode-toggle qode-initial \">\n\t<h3 class=\"clearfix qode-title-holder\">\n<span class=\"qode-tab-title\">\n\t    <span class=\"qode-tab-title-inner\">\n        Smart TV    <\/span>\n<\/span>\n<span class=\"qode-accordion-mark\">\n    <span class=\"qode-accordion-mark-icon\">\n        <span class=\"icon_plus\"><\/span>\n        <span class=\"icon_minus-06\"><\/span>\n    <\/span>\n<\/span>\n<\/h3>\n<div  class=\"qode-accordion-content \" >\n    <div class=\"qode-accordion-content-inner\">\n        [vc_single_image image=\u00a0\u00bb339&Prime; img_size=\u00a0\u00bbfull\u00a0\u00bb alignment=\u00a0\u00bbcenter\u00a0\u00bb css=\u00a0\u00bb\u00a0\u00bb qode_css_animation=\u00a0\u00bb\u00a0\u00bb][vc_empty_space height=\u00a0\u00bb20px\u00a0\u00bb][vc_column_text css=\u00a0\u00bb\u00a0\u00bb]<\/p>\n<h4>Smart TV<\/h4>\n<p>Chaque chambre a une Smart TV 55\u2019\u2019 avec 120 cha\u00eenes internationally et les TV apps principaux. Vous pouvez consulter le TV guide dans la section correspondante tout en allumant la t\u00e9l\u00e9.[\/vc_column_text]    <\/div>\n<\/div><\/div>[vc_empty_space height=\u00a0\u00bb25px\u00a0\u00bb]<div class=\"qode-accordion-holder clearfix qode-toggle qode-initial \">\n\t<h3 class=\"clearfix qode-title-holder\">\n<span class=\"qode-tab-title\">\n\t    <span class=\"qode-tab-title-inner\">\n        Climatisation    <\/span>\n<\/span>\n<span class=\"qode-accordion-mark\">\n    <span class=\"qode-accordion-mark-icon\">\n        <span class=\"icon_plus\"><\/span>\n        <span class=\"icon_minus-06\"><\/span>\n    <\/span>\n<\/span>\n<\/h3>\n<div  class=\"qode-accordion-content \" >\n    <div class=\"qode-accordion-content-inner\">\n        [vc_single_image image=\u00a0\u00bb343&Prime; img_size=\u00a0\u00bbfull\u00a0\u00bb alignment=\u00a0\u00bbcenter\u00a0\u00bb css=\u00a0\u00bb\u00a0\u00bb qode_css_animation=\u00a0\u00bb\u00a0\u00bb][vc_empty_space height=\u00a0\u00bb20px\u00a0\u00bb][vc_column_text css=\u00a0\u00bb\u00a0\u00bb]<\/p>\n<h4>Climatisation<\/h4>\n<p>Toutes les chambres ont la climatisation. Pour un rendement optimal il vaut mieux que les fen\u00eatres soient ferm\u00e9es.<\/p>\n<p>Vous trouverez la climatisation allum\u00e9e d\u00e8s votre arriv\u00e9e. La temp\u00e9rature montr\u00e9e sur l&rsquo;afficheur est effectivement celle de la chambre en degr\u00e9s centigrades. En appuyant sur les touches + et &#8211; vous pouvez r\u00e9gler de deux degr\u00e9s la temp\u00e9rature et l&rsquo;intensit\u00e9.<\/p>\n<p>Pour \u00e9teindre la climatisation, il vous suffira de r\u00e9duire l&rsquo;intensit\u00e9 en appuyant sur le symbole &#8211; jusqu&rsquo;\u00e0 ce que le mot OFF s&rsquo;affiche. La climatisation s&rsquo;arr\u00eatera lorsque les fen\u00eatres seront ouvertes.<\/p>\n<p>Si vous avez besoin d\u2019assistance, vous pouvez contacter la R\u00e9ception.<\/p>\n<p><img loading=\"lazy\" decoding=\"async\" class=\"alignnone wp-image-97 size-full\" src=\"https:\/\/aromadirectory.it\/wp-content\/uploads\/2025\/04\/4F.-Air-conditioning.jpg\" alt=\"\" width=\"968\" height=\"304\" srcset=\"https:\/\/aromadirectory.it\/wp-content\/uploads\/2025\/04\/4F.-Air-conditioning.jpg 968w, https:\/\/aromadirectory.it\/wp-content\/uploads\/2025\/04\/4F.-Air-conditioning-300x94.jpg 300w, https:\/\/aromadirectory.it\/wp-content\/uploads\/2025\/04\/4F.-Air-conditioning-768x241.jpg 768w, https:\/\/aromadirectory.it\/wp-content\/uploads\/2025\/04\/4F.-Air-conditioning-700x220.jpg 700w\" sizes=\"auto, (max-width: 968px) 100vw, 968px\" \/>[\/vc_column_text]    <\/div>\n<\/div><\/div>[vc_empty_space height=\u00a0\u00bb25px\u00a0\u00bb]<div class=\"qode-accordion-holder clearfix qode-toggle qode-initial \">\n\t<h3 class=\"clearfix qode-title-holder\">\n<span class=\"qode-tab-title\">\n\t    <span class=\"qode-tab-title-inner\">\n        Housekeeping awards    <\/span>\n<\/span>\n<span class=\"qode-accordion-mark\">\n    <span class=\"qode-accordion-mark-icon\">\n        <span class=\"icon_plus\"><\/span>\n        <span class=\"icon_minus-06\"><\/span>\n    <\/span>\n<\/span>\n<\/h3>\n<div  class=\"qode-accordion-content \" >\n    <div class=\"qode-accordion-content-inner\">\n        [vc_single_image image=\u00a0\u00bb345&Prime; img_size=\u00a0\u00bbfull\u00a0\u00bb alignment=\u00a0\u00bbcenter\u00a0\u00bb css=\u00a0\u00bb\u00a0\u00bb qode_css_animation=\u00a0\u00bb\u00a0\u00bb][vc_empty_space height=\u00a0\u00bb20px\u00a0\u00bb][vc_column_text css=\u00a0\u00bb\u00a0\u00bb]<\/p>\n<h4>Housekeeping awards<\/h4>\n<p>L&rsquo;h\u00f4tel A.roma Lifestyle organise un concours d&rsquo;\u00e9quipe passionnant et amusant, dont l&rsquo;objectif est de r\u00e9compenser et de valoriser notre personnel. Merci de les remercier comme ils le m\u00e9ritent et d&rsquo;attribuer une note \u00e0 leur service de nettoyage. 1 = 1 \u00e9toile (tr\u00e8s mauvais), 2 = 2 \u00e9toiles, 3 = 3 \u00e9toiles, 4 = 4 \u00e9toiles, 5 = 5 \u00e9toiles (tr\u00e8s bon)<\/p>\n<p>[\/vc_column_text][vc_empty_space height=\u00a0\u00bb10px\u00a0\u00bb]<a  itemprop=\"url\" href=\"mailto:info.aroma@ldchotels.com?subject=Housekeeping%20score%20-%20Demande%20via%20hotel%20directory\" target=\"_blank\" data-hover-background-color=\"#000000\" data-hover-border-color=\"#FFFFFF\" data-hover-color=\"#FFFFFF\" class=\"qbutton  medium center white default\" style=\"color: #FFFFFF; border-color: #FFFFFF; font-weight: 500; font-family: JOST; font-size: 16px; margin: 5px 5px 5px 5px; background-color:#A6834A;\">Envoyer un message<\/a>    <\/div>\n<\/div><\/div>[vc_empty_space height=\u00a0\u00bb25px\u00a0\u00bb]<div class=\"qode-accordion-holder clearfix qode-toggle qode-initial \">\n\t<h3 class=\"clearfix qode-title-holder\">\n<span class=\"qode-tab-title\">\n\t    <span class=\"qode-tab-title-inner\">\n        Stations d\u2019eau    <\/span>\n<\/span>\n<span class=\"qode-accordion-mark\">\n    <span class=\"qode-accordion-mark-icon\">\n        <span class=\"icon_plus\"><\/span>\n        <span class=\"icon_minus-06\"><\/span>\n    <\/span>\n<\/span>\n<\/h3>\n<div  class=\"qode-accordion-content \" >\n    <div class=\"qode-accordion-content-inner\">\n        [vc_single_image image=\u00a0\u00bb347&Prime; img_size=\u00a0\u00bbfull\u00a0\u00bb alignment=\u00a0\u00bbcenter\u00a0\u00bb css=\u00a0\u00bb\u00a0\u00bb qode_css_animation=\u00a0\u00bb\u00a0\u00bb][vc_empty_space height=\u00a0\u00bb20px\u00a0\u00bb][vc_column_text css=\u00a0\u00bb\u00a0\u00bb]<\/p>\n<h4>Stations d\u2019eau<\/h4>\n<p><strong>Machines \u00e0 gla\u00e7on et distributeurs d\u2019eau naturelle<\/strong><br \/>\nUne machine \u00e0 gla\u00e7on avec un tire-bouchon pour le libre-service est disponible au premier \u00e9tage de tous les b\u00e2timents de l\u2019h\u00f4tel. Sur chaque \u00e9tage de l\u2019h\u00f4tel il y a aussi un distributeur d\u2019eau naturelle froide et \u00e0 temp\u00e9rature ambiante.<\/p>\n<p>[\/vc_column_text]    <\/div>\n<\/div><\/div>[\/vc_column][\/vc_row][vc_row css_animation=\u00a0\u00bb\u00a0\u00bb row_type=\u00a0\u00bbrow\u00a0\u00bb use_row_as_full_screen_section=\u00a0\u00bbno\u00a0\u00bb type=\u00a0\u00bbfull_width\u00a0\u00bb angled_section=\u00a0\u00bbno\u00a0\u00bb text_align=\u00a0\u00bbcenter\u00a0\u00bb background_image_as_pattern=\u00a0\u00bbwithout_pattern\u00a0\u00bb z_index=\u00a0\u00bb\u00a0\u00bb][vc_column][vc_empty_space height=\u00a0\u00bb40px\u00a0\u00bb][vc_column_text css=\u00a0\u00bb\u00a0\u00bb]<\/p>\n<h6 style=\"text-align: center;\"><a href=\"https:\/\/aromadirectory.it\/fr\/\">&lt;&lt;&lt; retour \u00e0 l&rsquo;accueil &lt;&lt;&lt;<\/a><\/h6>\n<p>[\/vc_column_text][vc_empty_space height=\u00a0\u00bb100px\u00a0\u00bb][\/vc_column][\/vc_row]<\/p>\n<\/div>","protected":false},"excerpt":{"rendered":"<p>[vc_row css_animation=\u00a0\u00bb\u00a0\u00bb row_type=\u00a0\u00bbrow\u00a0\u00bb use_row_as_full_screen_section=\u00a0\u00bbno\u00a0\u00bb type=\u00a0\u00bbfull_width\u00a0\u00bb angled_section=\u00a0\u00bbno\u00a0\u00bb text_align=\u00a0\u00bbcenter\u00a0\u00bb background_image_as_pattern=\u00a0\u00bbwithout_pattern\u00a0\u00bb z_index=\u00a0\u00bb\u00a0\u00bb][vc_column][vc_empty_space height=\u00a0\u00bb25px\u00a0\u00bb][vc_single_image image=\u00a0\u00bb329&Prime; img_size=\u00a0\u00bbfull\u00a0\u00bb alignment=\u00a0\u00bbcenter\u00a0\u00bb onclick=\u00a0\u00bbcustom_link\u00a0\u00bb css=\u00a0\u00bb\u00a0\u00bb qode_css_animation=\u00a0\u00bb\u00a0\u00bb link=\u00a0\u00bbhttps:\/\/aromadirectory.it\/fr\/\u00a0\u00bb][\/vc_column][\/vc_row][vc_row css_animation=\u00a0\u00bb\u00a0\u00bb row_type=\u00a0\u00bbrow\u00a0\u00bb use_row_as_full_screen_section=\u00a0\u00bbno\u00a0\u00bb type=\u00a0\u00bbfull_width\u00a0\u00bb angled_section=\u00a0\u00bbno\u00a0\u00bb text_align=\u00a0\u00bbcenter\u00a0\u00bb background_image_as_pattern=\u00a0\u00bbwithout_pattern\u00a0\u00bb z_index=\u00a0\u00bb\u00a0\u00bb][vc_column][vc_empty_space height=\u00a0\u00bb25px\u00a0\u00bb][vc_column_text css=\u00a0\u00bb\u00a0\u00bb] Votre chambre [\/vc_column_text][vc_empty_space height=\u00a0\u00bb25px\u00a0\u00bb][\/vc_column][\/vc_row][vc_row css_animation=\u00a0\u00bb\u00a0\u00bb row_type=\u00a0\u00bbrow\u00a0\u00bb use_row_as_full_screen_section=\u00a0\u00bbno\u00a0\u00bb type=\u00a0\u00bbfull_width\u00a0\u00bb angled_section=\u00a0\u00bbno\u00a0\u00bb text_align=\u00a0\u00bbleft\u00a0\u00bb background_image_as_pattern=\u00a0\u00bbwithout_pattern\u00a0\u00bb z_index=\u00a0\u00bb\u00a0\u00bb][vc_column][vc_empty_space height=\u00a0\u00bb25px\u00a0\u00bb][vc_empty_space height=\u00a0\u00bb25px\u00a0\u00bb][vc_empty_space height=\u00a0\u00bb25px\u00a0\u00bb][vc_empty_space height=\u00a0\u00bb25px\u00a0\u00bb][vc_empty_space height=\u00a0\u00bb25px\u00a0\u00bb][vc_empty_space height=\u00a0\u00bb25px\u00a0\u00bb][vc_empty_space&#8230;<\/p>\n","protected":false},"author":1,"featured_media":0,"parent":0,"menu_order":0,"comment_status":"closed","ping_status":"closed","template":"full_width.php","meta":{"footnotes":""},"class_list":["post-615","page","type-page","status-publish","hentry"],"_links":{"self":[{"href":"https:\/\/aromadirectory.it\/fr\/wp-json\/wp\/v2\/pages\/615","targetHints":{"allow":["GET"]}}],"collection":[{"href":"https:\/\/aromadirectory.it\/fr\/wp-json\/wp\/v2\/pages"}],"about":[{"href":"https:\/\/aromadirectory.it\/fr\/wp-json\/wp\/v2\/types\/page"}],"author":[{"embeddable":true,"href":"https:\/\/aromadirectory.it\/fr\/wp-json\/wp\/v2\/users\/1"}],"replies":[{"embeddable":true,"href":"https:\/\/aromadirectory.it\/fr\/wp-json\/wp\/v2\/comments?post=615"}],"version-history":[{"count":4,"href":"https:\/\/aromadirectory.it\/fr\/wp-json\/wp\/v2\/pages\/615\/revisions"}],"predecessor-version":[{"id":758,"href":"https:\/\/aromadirectory.it\/fr\/wp-json\/wp\/v2\/pages\/615\/revisions\/758"}],"wp:attachment":[{"href":"https:\/\/aromadirectory.it\/fr\/wp-json\/wp\/v2\/media?parent=615"}],"curies":[{"name":"wp","href":"https:\/\/api.w.org\/{rel}","templated":true}]}}