{"id":631,"date":"2025-05-27T15:38:16","date_gmt":"2025-05-27T13:38:16","guid":{"rendered":"https:\/\/aromadirectory.it\/occasions-speciales\/"},"modified":"2025-07-15T19:07:54","modified_gmt":"2025-07-15T17:07:54","slug":"occasions-speciales","status":"publish","type":"page","link":"https:\/\/aromadirectory.it\/fr\/occasions-speciales\/","title":{"rendered":"Occasions spe\u0301ciales"},"content":{"rendered":"<div class=\"wpb-content-wrapper\"><p>[vc_row css_animation=\u00a0\u00bb\u00a0\u00bb row_type=\u00a0\u00bbrow\u00a0\u00bb use_row_as_full_screen_section=\u00a0\u00bbno\u00a0\u00bb type=\u00a0\u00bbfull_width\u00a0\u00bb angled_section=\u00a0\u00bbno\u00a0\u00bb text_align=\u00a0\u00bbcenter\u00a0\u00bb background_image_as_pattern=\u00a0\u00bbwithout_pattern\u00a0\u00bb z_index=\u00a0\u00bb\u00a0\u00bb][vc_column][vc_empty_space height=\u00a0\u00bb25px\u00a0\u00bb][vc_single_image image=\u00a0\u00bb329&Prime; img_size=\u00a0\u00bbfull\u00a0\u00bb alignment=\u00a0\u00bbcenter\u00a0\u00bb onclick=\u00a0\u00bbcustom_link\u00a0\u00bb css=\u00a0\u00bb\u00a0\u00bb qode_css_animation=\u00a0\u00bb\u00a0\u00bb link=\u00a0\u00bbhttps:\/\/aromadirectory.it\/fr\/\u00a0\u00bb][\/vc_column][\/vc_row][vc_row css_animation=\u00a0\u00bb\u00a0\u00bb row_type=\u00a0\u00bbrow\u00a0\u00bb use_row_as_full_screen_section=\u00a0\u00bbno\u00a0\u00bb type=\u00a0\u00bbfull_width\u00a0\u00bb angled_section=\u00a0\u00bbno\u00a0\u00bb text_align=\u00a0\u00bbcenter\u00a0\u00bb background_image_as_pattern=\u00a0\u00bbwithout_pattern\u00a0\u00bb z_index=\u00a0\u00bb\u00a0\u00bb][vc_column][vc_empty_space height=\u00a0\u00bb25px\u00a0\u00bb][vc_column_text css=\u00a0\u00bb\u00a0\u00bb]<\/p>\n<h2 class=\"hotel-info__header\" style=\"text-align: center;\">Occasions spe\u0301ciales<\/h2>\n<p>[\/vc_column_text][vc_empty_space height=\u00a0\u00bb25px\u00a0\u00bb][vc_column_text css=\u00a0\u00bb\u00a0\u00bb]<\/p>\n<p style=\"text-align: left;\">Avez-vous une occasion sp\u00e9ciale \u00e0 c\u00e9l\u00e9brer? Un moment magique dans la Ville \u00c9ternelle \u00e0 rendre m\u00e9morable et \u00e0 encadrer? Nous sommes heureux de vous informer que nous pouvons r\u00e9pondre aux demandes pour presque n\u2019importe quel type d\u2019\u00e9v\u00e9nement d\u2019anniversaires, lunes de miel et r\u00e9unions de famille.  <\/p>\n<p style=\"text-align: left;\">Ci-dessus, vous trouverez un large choix de services avec leurs prix. Choisissez vos favoris et nous nous occuperons du reste. <\/p>\n<p style=\"text-align: left;\">Il est conseill\u00e9 d\u2019envoyer la demande avec un pr\u00e9avis de 24 heures. En cas d\u2019annulation, veuillez contacter le re\u00e7u la veille avant 16h Nous ajouterons le co\u00fbt total apr\u00e8s l\u2019heure sp\u00e9cifi\u00e9e.  <\/p>\n<p>[\/vc_column_text][vc_empty_space height=\u00a0\u00bb25px\u00a0\u00bb][\/vc_column][\/vc_row][vc_row css_animation=\u00a0\u00bb\u00a0\u00bb row_type=\u00a0\u00bbrow\u00a0\u00bb use_row_as_full_screen_section=\u00a0\u00bbno\u00a0\u00bb type=\u00a0\u00bbfull_width\u00a0\u00bb angled_section=\u00a0\u00bbno\u00a0\u00bb text_align=\u00a0\u00bbleft\u00a0\u00bb background_image_as_pattern=\u00a0\u00bbwithout_pattern\u00a0\u00bb z_index=\u00a0\u00bb\u00a0\u00bb][vc_column]<div class=\"qode-accordion-holder clearfix qode-toggle qode-initial \">\n\t<h3 class=\"clearfix qode-title-holder\">\n<span class=\"qode-tab-title\">\n\t    <span class=\"qode-tab-title-inner\">\n        Champagne, vin, mousseux    <\/span>\n<\/span>\n<span class=\"qode-accordion-mark\">\n    <span class=\"qode-accordion-mark-icon\">\n        <span class=\"icon_plus\"><\/span>\n        <span class=\"icon_minus-06\"><\/span>\n    <\/span>\n<\/span>\n<\/h3>\n<div  class=\"qode-accordion-content \" >\n    <div class=\"qode-accordion-content-inner\">\n        [vc_single_image image=\u00a0\u00bb421&Prime; img_size=\u00a0\u00bbfull\u00a0\u00bb alignment=\u00a0\u00bbcenter\u00a0\u00bb css=\u00a0\u00bb\u00a0\u00bb qode_css_animation=\u00a0\u00bb\u00a0\u00bb][vc_empty_space height=\u00a0\u00bb20px\u00a0\u00bb]<a  itemprop=\"url\" href=\"mailto:info.aroma@ldchotels.com?subject=Special%20occasion%20-%20Demande%20via%20hotel%20directory\" target=\"_blank\" data-hover-background-color=\"#000000\" data-hover-border-color=\"#FFFFFF\" data-hover-color=\"#FFFFFF\" class=\"qbutton  medium center white default\" style=\"color: #FFFFFF; border-color: #FFFFFF; font-weight: 500; font-family: JOST; font-size: 16px; margin: 5px 5px 5px 5px; background-color:#A6834A;\">Commandez maintenant<\/a>[vc_empty_space height=\u00a0\u00bb20px\u00a0\u00bb][vc_column_text css=\u00a0\u00bb\u00a0\u00bb]<\/p>\n<div class=\"overlay overlay_type_over overlay_is-shown\">\n<div class=\"home-screen-tile__page-item-modal modal modal_type_page-item modal_is-shown\">\n<div class=\"modal__content-container\">\n<div class=\"modal__header \">\n<h4 class=\"modal__close-btn\" role=\"button\">Champagne<\/h4>\n<div role=\"button\"><\/div>\n<\/div>\n<div class=\"modal__body\">\n<div class=\"modal__content\">\n<p>Achille Princier Brut: 55,00 \u20ac (prix bouteille)<br \/>\nVeuve Clicquot: 110,00 \u20ac (prix bouteille)<br \/>\nBollinger Special Cuv\u00e9e: 105,00 \u20ac (prix bouteille)<br \/>\nRuinart: 100,00 \u20ac (prix bouteille)<\/p>\n<\/div>\n<\/div>\n<\/div>\n<\/div>\n<\/div>\n<p>[\/vc_column_text][vc_empty_space height=\u00a0\u00bb20px\u00a0\u00bb][vc_column_text css=\u00a0\u00bb\u00a0\u00bb]<\/p>\n<div class=\"overlay overlay_type_over overlay_is-shown\">\n<div class=\"home-screen-tile__page-item-modal modal modal_type_page-item modal_is-shown\">\n<div class=\"modal__content-container\">\n<h4><b>Vins blancs:<\/b><\/h4>\n<p>Chardonnay Altkirch S\u00fcdtirol Colterenzio Alto Adige \u20ac 28,00 (prix bouteille)<\/p>\n<p>Frascati superiore Villa Simone Lazio \u20ac 23,00 (prix bouteille)<\/p>\n<p>Pinot grigio Igt delle Venezie Corm\u00f2ns Friuli \u20ac 22,00 (prix bouteille)<\/p>\n<p>&nbsp;<\/p>\n<h4><b>Vins rouges:<\/b><\/h4>\n<p>Pinot Noir Borgo Magredo Friuli \u20ac 26,00 (prix bouteille)<\/p>\n<p>Primitivo del Salento Pervini I Monili Puglia \u20ac 23,00 (prix bouteille)<\/p>\n<p>Chianti San Lorenzo Melini Toscana \u20ac 19,00 (prix bouteille)<\/p>\n<\/div>\n<\/div>\n<\/div>\n<p>[\/vc_column_text][vc_empty_space height=\u00a0\u00bb20px\u00a0\u00bb][vc_column_text css=\u00a0\u00bb\u00a0\u00bb]<\/p>\n<div class=\"overlay overlay_type_over overlay_is-shown\">\n<div class=\"home-screen-tile__page-item-modal modal modal_type_page-item modal_is-shown\">\n<div class=\"modal__content-container\">\n<div class=\"overlay overlay_type_over overlay_is-shown\">\n<div class=\"home-screen-tile__page-item-modal modal modal_type_page-item modal_is-shown\">\n<div class=\"modal__content-container\">\n<div class=\"modal__header \">\n<h4 class=\"modal__close-btn\" role=\"button\">Mousseux<\/h4>\n<div role=\"button\"><\/div>\n<\/div>\n<div class=\"modal__body\">\n<div class=\"modal__content\">\n<p>Pinot Noir Borgo Magredo Friuli \u20ac 26,00 (prix bouteille)<br \/>\nPrimitivo del Salento Pervini I Monili Puglia \u20ac 23,00 (prix bouteille)<br \/>\nChianti San Lorenzo Melini Toscana \u20ac 19,00 (prix bouteille)<\/p>\n<\/div>\n<\/div>\n<\/div>\n<\/div>\n<\/div>\n<\/div>\n<\/div>\n<\/div>\n<p>[\/vc_column_text]    <\/div>\n<\/div><\/div>[vc_empty_space height=\u00a0\u00bb25px\u00a0\u00bb]<div class=\"qode-accordion-holder clearfix qode-toggle qode-initial \">\n\t<h3 class=\"clearfix qode-title-holder\">\n<span class=\"qode-tab-title\">\n\t    <span class=\"qode-tab-title-inner\">\n        D\u00e9corations florales    <\/span>\n<\/span>\n<span class=\"qode-accordion-mark\">\n    <span class=\"qode-accordion-mark-icon\">\n        <span class=\"icon_plus\"><\/span>\n        <span class=\"icon_minus-06\"><\/span>\n    <\/span>\n<\/span>\n<\/h3>\n<div  class=\"qode-accordion-content \" >\n    <div class=\"qode-accordion-content-inner\">\n        [vc_single_image image=\u00a0\u00bb423&Prime; img_size=\u00a0\u00bbfull\u00a0\u00bb alignment=\u00a0\u00bbcenter\u00a0\u00bb css=\u00a0\u00bb\u00a0\u00bb qode_css_animation=\u00a0\u00bb\u00a0\u00bb][vc_empty_space height=\u00a0\u00bb20px\u00a0\u00bb]<a  itemprop=\"url\" href=\"mailto:info.aroma@ldchotels.com?subject=Special%20occasion%20-%20Demande%20via%20hotel%20directory\" target=\"_blank\" data-hover-background-color=\"#000000\" data-hover-border-color=\"#FFFFFF\" data-hover-color=\"#FFFFFF\" class=\"qbutton  medium center white default\" style=\"color: #FFFFFF; border-color: #FFFFFF; font-weight: 500; font-family: JOST; font-size: 16px; margin: 5px 5px 5px 5px; background-color:#A6834A;\">Commandez maintenant<\/a>[vc_empty_space height=\u00a0\u00bb20px\u00a0\u00bb][vc_column_text css=\u00a0\u00bb\u00a0\u00bb]<\/p>\n<div class=\"overlay overlay_type_over overlay_is-shown\">\n<div class=\"home-screen-tile__page-item-modal modal modal_type_page-item modal_is-shown\">\n<div class=\"modal__content-container\">\n<div class=\"modal__body\">\n<p class=\"modal__title\"><strong><img loading=\"lazy\" decoding=\"async\" class=\"alignnone size-medium wp-image-213\" src=\"https:\/\/aromadirectory.it\/wp-content\/uploads\/2025\/05\/1.-Decorating-with-petals.jpg\" alt=\"\" width=\"293\" height=\"209\"><\/strong><\/p>\n<p class=\"modal__title\"><strong>D\u00e9corations avec des p\u00e9tales<\/strong><\/p>\n<p class=\"modal__content\">D\u00e9corations avec des p\u00e9tales de rose naturels (30,00 \u20ac): les p\u00e9tales de rose sont synonymes d\u2019amour \u00e9ternel. R\u00eavez-vous de dessiner un chemin avec un tapis de p\u00e9tales ou de cr\u00e9er une d\u00e9coration en forme de c\u0153ur? Partagez vos id\u00e9es avec le service Guest Relations qui seront heureux de vous aider et de rendre votre exp\u00e9rience parfaite. <\/p>\n<\/div>\n<\/div>\n<\/div>\n<\/div>\n<p>[\/vc_column_text][vc_empty_space height=\u00a0\u00bb20px\u00a0\u00bb][vc_column_text css=\u00a0\u00bb\u00a0\u00bb]<\/p>\n<div class=\"overlay overlay_type_over overlay_is-shown\">\n<div class=\"home-screen-tile__page-item-modal modal modal_type_page-item modal_is-shown\">\n<div class=\"modal__content-container\">\n<div class=\"modal__body\">\n<p class=\"modal__title\"><strong><img loading=\"lazy\" decoding=\"async\" class=\"alignnone wp-image-214 size-full\" src=\"https:\/\/aromadirectory.it\/wp-content\/uploads\/2025\/05\/9D-2-flower-bouchet-menu.jpg\" alt=\"\" width=\"293\" height=\"209\"><\/strong><\/p>\n<p class=\"modal__title\"><strong>Bouquet de fleurs<\/strong><\/p>\n<div class=\"modal__content\">\n<p>Bouquet de fleurs: la modernit\u00e9 n\u2019oubliera jamais les anciennes traditions Choisissez la taille que vous pr\u00e9f\u00e9rez et notre fleuriste cr\u00e9era le bouquet parfait selon vos pr\u00e9f\u00e9rences.<\/p>\n<p>Petit (50,00 \u20ac)<br \/>\nMoyen (80,00 \u20ac)<br \/>\nGrand (110,00 \u20ac)<\/p>\n<p>Les bouquets \u00e0 tige longue ont un prix diff\u00e9rent.<\/p>\n<\/div>\n<\/div>\n<\/div>\n<\/div>\n<\/div>\n<p>[\/vc_column_text][vc_empty_space height=\u00a0\u00bb20px\u00a0\u00bb][vc_column_text css=\u00a0\u00bb\u00a0\u00bb]<\/p>\n<div class=\"overlay overlay_type_over overlay_is-shown\">\n<div class=\"home-screen-tile__page-item-modal modal modal_type_page-item modal_is-shown\">\n<div class=\"modal__content-container\">\n<div class=\"modal__body\">\n<p class=\"modal__title\"><img loading=\"lazy\" decoding=\"async\" class=\"alignnone size-full wp-image-215\" src=\"https:\/\/aromadirectory.it\/wp-content\/uploads\/2025\/05\/3.-Long-stem-rose-ok_resized.jpg\" alt=\"\" width=\"293\" height=\"209\"><\/p>\n<p class=\"modal__title\"><strong>Roses \u00e0 tige longue<\/strong><\/p>\n<div class=\"modal__content\">\n<div class=\"modal__content\">\n<p>Roses \u00e0 tige longue: Les roses \u00e0 tige longue sont connus pour \u00eatre la fleur le plus romantique.. Toutefois, les significations qui symbolisent en fonction de leur couleur sont diff\u00e9rents. Choisissez votre favori et envoyez une demande \u00e0 notre service Guest Relations: <\/p>\n<p>Rouge(8,00 \u20ac par tige ): amour, respect<\/p>\n<p>Rose clair (8,00 \u20ac par tige ): admiration, sympathie<\/p>\n<p>Jaune (8,00 \u20ac par tige ): joie, contentement<\/p>\n<p>Blanc (8,00 \u20ac par tige ): puret\u00e9, innocence<\/p>\n<p>Orange (8,00 \u20ac par tige ):enthousiasme<\/p>\n<p>Rose fonc\u00e9 (8,00 \u20ac par tige ): gratitude<\/p>\n<p>Tons m\u00e9lang\u00e9s p\u00e2les (8,00 \u20ac par tige ): amiti\u00e9<\/p>\n<p>Deux roses rouges c\u00e2bl\u00e9es ensemble (8,00 \u20ac par tige): mariage ou engagement<\/p>\n<p>Vous pouvez cr\u00e9er un bouquet personnalis\u00e9 de roses en choisissant diff\u00e9rentes couleurs et le nombre de tiges.<\/p>\n<\/div>\n<\/div>\n<\/div>\n<\/div>\n<\/div>\n<\/div>\n<p>[\/vc_column_text][vc_empty_space height=\u00a0\u00bb20px\u00a0\u00bb][vc_column_text css=\u00a0\u00bb\u00a0\u00bb]<\/p>\n<div class=\"overlay overlay_type_over overlay_is-shown\">\n<div class=\"home-screen-tile__page-item-modal modal modal_type_page-item modal_is-shown\">\n<div class=\"modal__content-container\">\n<div class=\"modal__body\">\n<p class=\"modal__title\"><img loading=\"lazy\" decoding=\"async\" class=\"alignnone wp-image-216 size-full\" src=\"https:\/\/aromadirectory.it\/wp-content\/uploads\/2025\/05\/9D-other-Magique-cake.jpg\" alt=\"\" width=\"293\" height=\"209\"><\/p>\n<div class=\"modal__content\">\n<div class=\"modal__content\">\n<p class=\"modal__title\"><strong>Autres d\u00e9corations florales:<\/strong><\/p>\n<p class=\"modal__teaser\">La boite de Paris (60,00 \u20ac)<\/p>\n<\/div>\n<\/div>\n<\/div>\n<\/div>\n<\/div>\n<\/div>\n<p>[\/vc_column_text][vc_empty_space height=\u00a0\u00bb20px\u00a0\u00bb][vc_column_text css=\u00a0\u00bb\u00a0\u00bb]<\/p>\n<div class=\"overlay overlay_type_over overlay_is-shown\">\n<div class=\"home-screen-tile__page-item-modal modal modal_type_page-item modal_is-shown\">\n<div class=\"modal__content-container\">\n<div class=\"modal__body\">\n<p class=\"modal__title\"><img loading=\"lazy\" decoding=\"async\" class=\"alignnone wp-image-218 size-full\" src=\"https:\/\/aromadirectory.it\/wp-content\/uploads\/2025\/05\/9D-4-other-arrangements.jpg\" alt=\"\" width=\"293\" height=\"209\"><\/p>\n<div class=\"modal__content\">\n<div class=\"modal__content\">\n<p class=\"modal__title\"><strong>Autres d\u00e9corations florales:<\/strong><\/p>\n<p class=\"modal__teaser\">G\u00e2teau Magique (50,00 \u20ac)<\/p>\n<\/div>\n<\/div>\n<\/div>\n<\/div>\n<\/div>\n<\/div>\n<p>[\/vc_column_text][vc_column_text css=\u00a0\u00bb\u00a0\u00bb]<\/p>\n<div class=\"overlay overlay_type_over overlay_is-shown\">\n<div class=\"home-screen-tile__page-item-modal modal modal_type_page-item modal_is-shown\">\n<div class=\"modal__content-container\">\n<div class=\"modal__body\">\n<p class=\"modal__title\"><img loading=\"lazy\" decoding=\"async\" class=\"alignnone wp-image-217 size-full\" src=\"https:\/\/aromadirectory.it\/wp-content\/uploads\/2025\/05\/9D-other-Boite-de-Paris.jpg\" alt=\"\" width=\"293\" height=\"209\"><\/p>\n<div class=\"modal__content\">\n<div class=\"modal__content\">\n<p class=\"modal__title\"><strong>Autres d\u00e9corations florales:<\/strong><\/p>\n<p class=\"modal__teaser\">G\u00e2teau Magnolia (50,00 \u20ac)<\/p>\n<\/div>\n<\/div>\n<\/div>\n<\/div>\n<\/div>\n<\/div>\n<p>[\/vc_column_text][vc_empty_space height=\u00a0\u00bb20px\u00a0\u00bb]    <\/div>\n<\/div><\/div>[vc_empty_space height=\u00a0\u00bb25px\u00a0\u00bb]<div class=\"qode-accordion-holder clearfix qode-toggle qode-initial \">\n\t<h3 class=\"clearfix qode-title-holder\">\n<span class=\"qode-tab-title\">\n\t    <span class=\"qode-tab-title-inner\">\n        Moments doux    <\/span>\n<\/span>\n<span class=\"qode-accordion-mark\">\n    <span class=\"qode-accordion-mark-icon\">\n        <span class=\"icon_plus\"><\/span>\n        <span class=\"icon_minus-06\"><\/span>\n    <\/span>\n<\/span>\n<\/h3>\n<div  class=\"qode-accordion-content \" >\n    <div class=\"qode-accordion-content-inner\">\n        [vc_single_image image=\u00a0\u00bb437&Prime; img_size=\u00a0\u00bbfull\u00a0\u00bb alignment=\u00a0\u00bbcenter\u00a0\u00bb css=\u00a0\u00bb\u00a0\u00bb qode_css_animation=\u00a0\u00bb\u00a0\u00bb][vc_empty_space height=\u00a0\u00bb20px\u00a0\u00bb]<a  itemprop=\"url\" href=\"mailto:info.aroma@ldchotels.com?subject=Special%20occasion%20-%20Demande%20via%20hotel%20directory\" target=\"_blank\" data-hover-background-color=\"#000000\" data-hover-border-color=\"#FFFFFF\" data-hover-color=\"#FFFFFF\" class=\"qbutton  medium center white default\" style=\"color: #FFFFFF; border-color: #FFFFFF; font-weight: 500; font-family: JOST; font-size: 16px; margin: 5px 5px 5px 5px; background-color:#A6834A;\">Commandez maintenant<\/a>[vc_empty_space height=\u00a0\u00bb20px\u00a0\u00bb][vc_column_text css=\u00a0\u00bb\u00a0\u00bb]<\/p>\n<div class=\"overlay overlay_type_over overlay_is-shown\">\n<div class=\"home-screen-tile__page-item-modal modal modal_type_page-item modal_is-shown\">\n<div class=\"modal__content-container\">\n<div class=\"modal__body\">\n<p>Fruits frais entiers: servi sur une assiette \u20ac10 <\/p>\n<p>Fruits frais coup\u00e9s:servi sur une assiette \u20ac10 <\/p>\n<p>Biscuits faits maison: servi sur une assiette \u20ac10 <\/p>\n<p>Chocolats: servi dans une boite personnalis\u00e9 \u20ac10 <\/p>\n<p>Fraises recouvertes de chocolat: un pr\u00e9avis de 48 heures est requis. \u20ac10 <\/p>\n<p>G\u00e2teau d\u2019anniversaire: envoyez des v\u0153ux d\u2019anniversaire avec un g\u00e2teau sp\u00e9cial et un message personnalis\u00e9. Un pr\u00e9avis de 48 heures est requis. Le co\u00fbt varie selon le type de tarte.  <\/p>\n<\/div>\n<\/div>\n<\/div>\n<\/div>\n<p>[\/vc_column_text][vc_empty_space height=\u00a0\u00bb20px\u00a0\u00bb]    <\/div>\n<\/div><\/div>[vc_empty_space height=\u00a0\u00bb25px\u00a0\u00bb]<div class=\"qode-accordion-holder clearfix qode-toggle qode-initial \">\n\t<h3 class=\"clearfix qode-title-holder\">\n<span class=\"qode-tab-title\">\n\t    <span class=\"qode-tab-title-inner\">\n        Ballons &amp; bogies    <\/span>\n<\/span>\n<span class=\"qode-accordion-mark\">\n    <span class=\"qode-accordion-mark-icon\">\n        <span class=\"icon_plus\"><\/span>\n        <span class=\"icon_minus-06\"><\/span>\n    <\/span>\n<\/span>\n<\/h3>\n<div  class=\"qode-accordion-content \" >\n    <div class=\"qode-accordion-content-inner\">\n        [vc_single_image image=\u00a0\u00bb439&Prime; img_size=\u00a0\u00bbfull\u00a0\u00bb alignment=\u00a0\u00bbcenter\u00a0\u00bb css=\u00a0\u00bb\u00a0\u00bb qode_css_animation=\u00a0\u00bb\u00a0\u00bb][vc_empty_space height=\u00a0\u00bb20px\u00a0\u00bb]<a  itemprop=\"url\" href=\"mailto:info.aroma@ldchotels.com?subject=Special%20occasion%20-%20Demande%20via%20hotel%20directory\" target=\"_blank\" data-hover-background-color=\"#000000\" data-hover-border-color=\"#FFFFFF\" data-hover-color=\"#FFFFFF\" class=\"qbutton  medium center white default\" style=\"color: #FFFFFF; border-color: #FFFFFF; font-weight: 500; font-family: JOST; font-size: 16px; margin: 5px 5px 5px 5px; background-color:#A6834A;\">Commandez maintenant<\/a>[vc_empty_space height=\u00a0\u00bb20px\u00a0\u00bb][vc_column_text css=\u00a0\u00bb\u00a0\u00bb]<\/p>\n<div class=\"overlay overlay_type_over overlay_is-shown\">\n<div class=\"home-screen-tile__page-item-modal modal modal_type_page-item modal_is-shown\">\n<div class=\"modal__content-container\">\n<div class=\"modal__body\">\n<p>Ballons en latex 10,00 \u20ac <\/p>\n<p>Ballons d\u2019h\u00e9lium avec le num\u00e9ro: un pr\u00e9avis de 48 heures est requis 35,00 \u20ac <\/p>\n<p>Banni\u00e8res d\u2019anniversaire: un pr\u00e9avis de 48 heures est requis 10,00 \u20ac <\/p>\n<p>Bogies 10,00 \u20ac <\/p>\n<\/div>\n<\/div>\n<\/div>\n<\/div>\n<p>[\/vc_column_text][vc_empty_space height=\u00a0\u00bb20px\u00a0\u00bb]    <\/div>\n<\/div><\/div>[\/vc_column][\/vc_row][vc_row css_animation=\u00a0\u00bb\u00a0\u00bb row_type=\u00a0\u00bbrow\u00a0\u00bb use_row_as_full_screen_section=\u00a0\u00bbno\u00a0\u00bb type=\u00a0\u00bbfull_width\u00a0\u00bb angled_section=\u00a0\u00bbno\u00a0\u00bb text_align=\u00a0\u00bbcenter\u00a0\u00bb background_image_as_pattern=\u00a0\u00bbwithout_pattern\u00a0\u00bb z_index=\u00a0\u00bb\u00a0\u00bb][vc_column][vc_empty_space height=\u00a0\u00bb40px\u00a0\u00bb][vc_column_text css=\u00a0\u00bb\u00a0\u00bb]<\/p>\n<h6 style=\"text-align: center;\"><a href=\"https:\/\/aromadirectory.it\/fr\/\">&lt;&lt;&lt; retour \u00e0 la home &lt;&lt;&lt;<\/a><\/h6>\n<p>[\/vc_column_text][vc_empty_space height=\u00a0\u00bb100px\u00a0\u00bb][\/vc_column][\/vc_row]<\/p>\n<\/div>","protected":false},"excerpt":{"rendered":"<p>[vc_row css_animation=\u00a0\u00bb\u00a0\u00bb row_type=\u00a0\u00bbrow\u00a0\u00bb use_row_as_full_screen_section=\u00a0\u00bbno\u00a0\u00bb type=\u00a0\u00bbfull_width\u00a0\u00bb angled_section=\u00a0\u00bbno\u00a0\u00bb text_align=\u00a0\u00bbcenter\u00a0\u00bb background_image_as_pattern=\u00a0\u00bbwithout_pattern\u00a0\u00bb z_index=\u00a0\u00bb\u00a0\u00bb][vc_column][vc_empty_space height=\u00a0\u00bb25px\u00a0\u00bb][vc_single_image image=\u00a0\u00bb329&Prime; img_size=\u00a0\u00bbfull\u00a0\u00bb alignment=\u00a0\u00bbcenter\u00a0\u00bb onclick=\u00a0\u00bbcustom_link\u00a0\u00bb css=\u00a0\u00bb\u00a0\u00bb qode_css_animation=\u00a0\u00bb\u00a0\u00bb link=\u00a0\u00bbhttps:\/\/aromadirectory.it\/fr\/\u00a0\u00bb][\/vc_column][\/vc_row][vc_row css_animation=\u00a0\u00bb\u00a0\u00bb row_type=\u00a0\u00bbrow\u00a0\u00bb use_row_as_full_screen_section=\u00a0\u00bbno\u00a0\u00bb type=\u00a0\u00bbfull_width\u00a0\u00bb angled_section=\u00a0\u00bbno\u00a0\u00bb text_align=\u00a0\u00bbcenter\u00a0\u00bb background_image_as_pattern=\u00a0\u00bbwithout_pattern\u00a0\u00bb z_index=\u00a0\u00bb\u00a0\u00bb][vc_column][vc_empty_space height=\u00a0\u00bb25px\u00a0\u00bb][vc_column_text css=\u00a0\u00bb\u00a0\u00bb] Occasions spe\u0301ciales [\/vc_column_text][vc_empty_space height=\u00a0\u00bb25px\u00a0\u00bb][vc_column_text css=\u00a0\u00bb\u00a0\u00bb] Avez-vous une occasion sp\u00e9ciale \u00e0 c\u00e9l\u00e9brer? Un moment magique dans la Ville \u00c9ternelle&#8230;<\/p>\n","protected":false},"author":1,"featured_media":0,"parent":0,"menu_order":0,"comment_status":"closed","ping_status":"closed","template":"","meta":{"footnotes":""},"class_list":["post-631","page","type-page","status-publish","hentry"],"_links":{"self":[{"href":"https:\/\/aromadirectory.it\/fr\/wp-json\/wp\/v2\/pages\/631","targetHints":{"allow":["GET"]}}],"collection":[{"href":"https:\/\/aromadirectory.it\/fr\/wp-json\/wp\/v2\/pages"}],"about":[{"href":"https:\/\/aromadirectory.it\/fr\/wp-json\/wp\/v2\/types\/page"}],"author":[{"embeddable":true,"href":"https:\/\/aromadirectory.it\/fr\/wp-json\/wp\/v2\/users\/1"}],"replies":[{"embeddable":true,"href":"https:\/\/aromadirectory.it\/fr\/wp-json\/wp\/v2\/comments?post=631"}],"version-history":[{"count":3,"href":"https:\/\/aromadirectory.it\/fr\/wp-json\/wp\/v2\/pages\/631\/revisions"}],"predecessor-version":[{"id":634,"href":"https:\/\/aromadirectory.it\/fr\/wp-json\/wp\/v2\/pages\/631\/revisions\/634"}],"wp:attachment":[{"href":"https:\/\/aromadirectory.it\/fr\/wp-json\/wp\/v2\/media?parent=631"}],"curies":[{"name":"wp","href":"https:\/\/api.w.org\/{rel}","templated":true}]}}