{"id":639,"date":"2025-05-27T13:01:23","date_gmt":"2025-05-27T11:01:23","guid":{"rendered":"https:\/\/aromadirectory.it\/surclasser-votre-experience\/"},"modified":"2025-10-23T21:14:35","modified_gmt":"2025-10-23T19:14:35","slug":"surclasser-votre-experience","status":"publish","type":"page","link":"https:\/\/aromadirectory.it\/fr\/surclasser-votre-experience\/","title":{"rendered":"surclasser votre expe\u0301rience"},"content":{"rendered":"<div class=\"wpb-content-wrapper\"><p>[vc_row css_animation=\u00a0\u00bb\u00a0\u00bb row_type=\u00a0\u00bbrow\u00a0\u00bb use_row_as_full_screen_section=\u00a0\u00bbno\u00a0\u00bb type=\u00a0\u00bbfull_width\u00a0\u00bb angled_section=\u00a0\u00bbno\u00a0\u00bb text_align=\u00a0\u00bbcenter\u00a0\u00bb background_image_as_pattern=\u00a0\u00bbwithout_pattern\u00a0\u00bb z_index=\u00a0\u00bb\u00a0\u00bb][vc_column][vc_empty_space height=\u00a0\u00bb25px\u00a0\u00bb][vc_single_image image=\u00a0\u00bb329&Prime; img_size=\u00a0\u00bbfull\u00a0\u00bb alignment=\u00a0\u00bbcenter\u00a0\u00bb onclick=\u00a0\u00bbcustom_link\u00a0\u00bb css=\u00a0\u00bb\u00a0\u00bb qode_css_animation=\u00a0\u00bb\u00a0\u00bb link=\u00a0\u00bbhttps:\/\/aromadirectory.it\/fr\/\u00a0\u00bb][\/vc_column][\/vc_row][vc_row css_animation=\u00a0\u00bb\u00a0\u00bb row_type=\u00a0\u00bbrow\u00a0\u00bb use_row_as_full_screen_section=\u00a0\u00bbno\u00a0\u00bb type=\u00a0\u00bbfull_width\u00a0\u00bb angled_section=\u00a0\u00bbno\u00a0\u00bb text_align=\u00a0\u00bbcenter\u00a0\u00bb background_image_as_pattern=\u00a0\u00bbwithout_pattern\u00a0\u00bb z_index=\u00a0\u00bb\u00a0\u00bb][vc_column][vc_empty_space height=\u00a0\u00bb25px\u00a0\u00bb][vc_column_text css=\u00a0\u00bb\u00a0\u00bb]<\/p>\n<h2 class=\"hotel-info__header\" style=\"text-align: center;\">surclasser votre expe\u0301rience<\/h2>\n<p>[\/vc_column_text][vc_empty_space height=\u00a0\u00bb25px\u00a0\u00bb][vc_column_text css=\u00a0\u00bb\u00a0\u00bb]Un s\u00e9jour plein d&rsquo;\u00e9motions. Choisissez l&rsquo;endroit parfait pour prendre soin de votre corps et de votre esprit pendant vos vacances \u00e0 l&rsquo;h\u00f4tel A.Roma Lifestyle.[\/vc_column_text][vc_empty_space height=\u00a0\u00bb20px\u00a0\u00bb][\/vc_column][\/vc_row][vc_row css_animation=\u00a0\u00bb\u00a0\u00bb row_type=\u00a0\u00bbrow\u00a0\u00bb use_row_as_full_screen_section=\u00a0\u00bbno\u00a0\u00bb type=\u00a0\u00bbfull_width\u00a0\u00bb angled_section=\u00a0\u00bbno\u00a0\u00bb text_align=\u00a0\u00bbleft\u00a0\u00bb background_image_as_pattern=\u00a0\u00bbwithout_pattern\u00a0\u00bb z_index=\u00a0\u00bb\u00a0\u00bb][vc_column]<div class=\"qode-accordion-holder clearfix qode-toggle qode-initial \">\n\t<h3 class=\"clearfix qode-title-holder\">\n<span class=\"qode-tab-title\">\n\t    <span class=\"qode-tab-title-inner\">\n        La Suite Pr\u00e9sidentielle    <\/span>\n<\/span>\n<span class=\"qode-accordion-mark\">\n    <span class=\"qode-accordion-mark-icon\">\n        <span class=\"icon_plus\"><\/span>\n        <span class=\"icon_minus-06\"><\/span>\n    <\/span>\n<\/span>\n<\/h3>\n<div  class=\"qode-accordion-content \" >\n    <div class=\"qode-accordion-content-inner\">\n        [vc_single_image image=\u00a0\u00bb417&Prime; img_size=\u00a0\u00bbfull\u00a0\u00bb alignment=\u00a0\u00bbcenter\u00a0\u00bb css=\u00a0\u00bb\u00a0\u00bb qode_css_animation=\u00a0\u00bb\u00a0\u00bb][vc_empty_space height=\u00a0\u00bb20px\u00a0\u00bb][vc_column_text css=\u00a0\u00bb\u00a0\u00bb]<\/p>\n<h4><strong>La Suite Pr\u00e9sidentielle sera votre deuxi\u00e8me maison. <\/strong><\/h4>\n<div class=\"modal__content\">\n<p>Laissez-vous exciter dans plus de 250 m\u00e8tres carr\u00e9s d&rsquo;\u00e9l\u00e9gance et admirez le d\u00f4me de San Pietro en profitant du confort total de sa terrasse tout en d\u00e9gustant votre boisson pr\u00e9f\u00e9r\u00e9e. L&rsquo;odeur et le go\u00fbt des produits romains typiques resteront \u00e0 jamais grav\u00e9s dans vos m\u00e9moires. Testez-vous dans une exp\u00e9rience qui vous impliquera dans tous les sens. D\u00e9couvrez la magie de Rome. La Piazza di Spagna est la perle de la ville \u00e9ternelle. Notre navette vous attend pour le d\u00e9couvrir. Que ce soit \u00e0 pied, \u00e0 v\u00e9lo ou en bus, laissez le ferment des rues romaines remplir vos souvenirs. Voici la meilleure fa\u00e7on d&rsquo;explorer la ville. Prenez du temps de qualit\u00e9 dans le temple du bien-\u00eatre. Soulagez les tensions apr\u00e8s une journ\u00e9e bien remplie. R\u00e9g\u00e9n\u00e9rez-vous avec un massage qui vous fera perdre le temps et l&rsquo;espace.<\/p>\n<p>Toutes les routes m\u00e8nent \u00e0 A.Roma. Revenez nous voir et nous saurons \u00e9voquer en vous de sublimes \u00e9motions. Laissez-vous dorloter jusqu&rsquo;au dernier. Nous ferons en sorte que votre voyage de retour m\u00e9rite d&rsquo;\u00eatre rappel\u00e9.<\/p>\n<p>Contactez-nous pour plus d&rsquo;informations. Nous proposons des solutions sur mesure. Ne manquez pas cette opportunit\u00e9 !<\/p>\n<h4>Avantage<\/h4>\n<p>Acc\u00e8s illimit\u00e9 au Livia Wellness &amp; Spa<\/p>\n<p>Massage de 25 min<\/p>\n<p>Kit \u00ab\u00a0Cuisine de Rome\u00a0\u00bb. Produits romains pour pr\u00e9parer un plat typique \u00e0 l&rsquo;aide d&rsquo;un tutoriel vid\u00e9o<\/p>\n<p>Acc\u00e8s \u00e0 l&rsquo;A.Roma Vista Lounge<\/p>\n<p>Service de navette gratuit pour le quartier du shopping et le Vatican<\/p>\n<p>20% de r\u00e9duction sur votre prochain s\u00e9jour \u00e0 l&rsquo;h\u00f4tel A.Roma Lifestyle ou dans d&rsquo;autres installations LDC<\/p>\n<p>20% de r\u00e9duction sur les transferts a\u00e9roport<\/p>\n<\/div>\n<p>[\/vc_column_text][vc_empty_space height=\u00a0\u00bb20px\u00a0\u00bb]<a  itemprop=\"url\" href=\"https:\/\/www.hotel-aroma.com\/media\/hotel-a-roma-presidential-suite.mp4\" target=\"_blank\" data-hover-background-color=\"#000000\" data-hover-border-color=\"#FFFFFF\" data-hover-color=\"#FFFFFF\" class=\"qbutton  medium center white default\" style=\"color: #FFFFFF; border-color: #FFFFFF; margin: 5px 5px 5px 5px; background-color:#A6834A;\">Regardez la vid\u00e9o<\/a>[vc_empty_space height=\u00a0\u00bb20px\u00a0\u00bb]    <\/div>\n<\/div><\/div>[vc_empty_space height=\u00a0\u00bb25px\u00a0\u00bb]<div class=\"qode-accordion-holder clearfix qode-toggle qode-initial \">\n\t<h3 class=\"clearfix qode-title-holder\">\n<span class=\"qode-tab-title\">\n\t    <span class=\"qode-tab-title-inner\">\n        Suite    <\/span>\n<\/span>\n<span class=\"qode-accordion-mark\">\n    <span class=\"qode-accordion-mark-icon\">\n        <span class=\"icon_plus\"><\/span>\n        <span class=\"icon_minus-06\"><\/span>\n    <\/span>\n<\/span>\n<\/h3>\n<div  class=\"qode-accordion-content \" >\n    <div class=\"qode-accordion-content-inner\">\n        [vc_single_image image=\u00a0\u00bb419&Prime; img_size=\u00a0\u00bbfull\u00a0\u00bb alignment=\u00a0\u00bbcenter\u00a0\u00bb css=\u00a0\u00bb\u00a0\u00bb qode_css_animation=\u00a0\u00bb\u00a0\u00bb][vc_empty_space height=\u00a0\u00bb20px\u00a0\u00bb][vc_column_text css=\u00a0\u00bb\u00a0\u00bb]<\/p>\n<h4>Rendez votre s\u00e9jour \u00e0 l&rsquo;h\u00f4tel A.Roma Lifestyle inoubliable dans cinquante m\u00e8tres carr\u00e9s de sensations.<\/h4>\n<p>Choisissez une chambre de cat\u00e9gorie sup\u00e9rieure et plongez-vous dans les senteurs du caf\u00e9 expresso Lavazza et dans les parfums enivrants des produits de la ligne de courtoisie sign\u00e9e A.Roma. Respirez une nouvelle libert\u00e9 et laissez-vous surprendre par la luxuriance de notre parc que vous pourrez admirer directement depuis votre chambre. \u00ab\u00a0Mens sana in corpore sano\u00a0\u00bb. Abandonnez-vous aux soins du Spa, red\u00e9couvrez votre moi int\u00e9rieur. \u00ab\u00a0Le premier verre est pour la soif; le second de joie; le troisi\u00e8me pour le plaisir; le quatri\u00e8me pour la folie \u00ab\u00a0. \u00c9tanchez votre soif au bar \u00ab\u00a0Il Giardino\u00a0\u00bb. Nous proposon le premiere verre. D\u00e9couvrez la ville \u00e9ternelle. Piazza di Spagna est le destination du service de navette que nous vous proposons. Montez et descendez des 7 collines. La majest\u00e9 de Rome restera toujours vivante \u00e0 vos yeux. Toutes les routes m\u00e8nent \u00e0 A.Roma. Revenez nous voir et nous saurons \u00e9voquer en vous de sublimes \u00e9motions. Laissez la brise caresser votre visage et commencez la saison estivale \u00e0 bord de nos v\u00e9los. Le v\u00e9lo n&rsquo;a jamais \u00e9t\u00e9 aussi agr\u00e9able. Laissez-vous dorloter jusqu&rsquo;au dernier. Nous ferons en sorte que votre voyage de retour m\u00e9rite d&rsquo;\u00eatre rappel\u00e9.<\/p>\n<p>Contactez-nous pour plus d&rsquo;informations sur les offres. Nous vous proposons des solutions sur mesure.Ne manquez pas la chance!<\/p>\n<h4>Avantage<\/h4>\n<p>Acc\u00e8s illimit\u00e9 au Livia Wellness &amp; Spa<\/p>\n<p>R\u00e9servation de transats de piscine ext\u00e9rieure sous r\u00e9serve de disponibilit\u00e9<\/p>\n<p>Acc\u00e8s illimit\u00e8 \u00e0 l&rsquo;A.Roma Vista Lounge<\/p>\n<p>Service de navette gratuit pour la quartier du shopping e le Vatican<\/p>\n<p>20% de r\u00e9duction sur votre prochain s\u00e9jour \u00e0 l&rsquo;h\u00f4tel A.Roma Lifestyle ou dans d&rsquo;autres installations LDC<\/p>\n<p>20% de r\u00e9duction sur les transferts a\u00e9roport[\/vc_column_text][vc_empty_space height=\u00a0\u00bb20px\u00a0\u00bb]<a  itemprop=\"url\" href=\"https:\/\/www.hotel-aroma.com\/media\/hotel-a-roma-suite.mp4\" target=\"_blank\" data-hover-background-color=\"#000000\" data-hover-border-color=\"#FFFFFF\" data-hover-color=\"#FFFFFF\" class=\"qbutton  medium center white default\" style=\"color: #FFFFFF; border-color: #FFFFFF; margin: 5px 5px 5px 5px; background-color:#A6834A;\">Regardez la vid\u00e9o<\/a>[vc_empty_space height=\u00a0\u00bb20px\u00a0\u00bb]    <\/div>\n<\/div><\/div>[vc_empty_space height=\u00a0\u00bb25px\u00a0\u00bb][\/vc_column][\/vc_row][vc_row css_animation=\u00a0\u00bb\u00a0\u00bb row_type=\u00a0\u00bbrow\u00a0\u00bb use_row_as_full_screen_section=\u00a0\u00bbno\u00a0\u00bb type=\u00a0\u00bbfull_width\u00a0\u00bb angled_section=\u00a0\u00bbno\u00a0\u00bb text_align=\u00a0\u00bbcenter\u00a0\u00bb background_image_as_pattern=\u00a0\u00bbwithout_pattern\u00a0\u00bb z_index=\u00a0\u00bb\u00a0\u00bb][vc_column][vc_empty_space height=\u00a0\u00bb40px\u00a0\u00bb][vc_column_text css=\u00a0\u00bb\u00a0\u00bb]<\/p>\n<h6 style=\"text-align: center;\"><a href=\"https:\/\/aromadirectory.it\/fr\/\">&lt;&lt;&lt; retour \u00e0 la home &lt;&lt;&lt;<\/a><\/h6>\n<p>[\/vc_column_text][vc_empty_space height=\u00a0\u00bb100px\u00a0\u00bb][\/vc_column][\/vc_row]<\/p>\n<\/div>","protected":false},"excerpt":{"rendered":"<p>[vc_row css_animation=\u00a0\u00bb\u00a0\u00bb row_type=\u00a0\u00bbrow\u00a0\u00bb use_row_as_full_screen_section=\u00a0\u00bbno\u00a0\u00bb type=\u00a0\u00bbfull_width\u00a0\u00bb angled_section=\u00a0\u00bbno\u00a0\u00bb text_align=\u00a0\u00bbcenter\u00a0\u00bb background_image_as_pattern=\u00a0\u00bbwithout_pattern\u00a0\u00bb z_index=\u00a0\u00bb\u00a0\u00bb][vc_column][vc_empty_space height=\u00a0\u00bb25px\u00a0\u00bb][vc_single_image image=\u00a0\u00bb329&Prime; img_size=\u00a0\u00bbfull\u00a0\u00bb alignment=\u00a0\u00bbcenter\u00a0\u00bb onclick=\u00a0\u00bbcustom_link\u00a0\u00bb css=\u00a0\u00bb\u00a0\u00bb qode_css_animation=\u00a0\u00bb\u00a0\u00bb link=\u00a0\u00bbhttps:\/\/aromadirectory.it\/fr\/\u00a0\u00bb][\/vc_column][\/vc_row][vc_row css_animation=\u00a0\u00bb\u00a0\u00bb row_type=\u00a0\u00bbrow\u00a0\u00bb use_row_as_full_screen_section=\u00a0\u00bbno\u00a0\u00bb type=\u00a0\u00bbfull_width\u00a0\u00bb angled_section=\u00a0\u00bbno\u00a0\u00bb text_align=\u00a0\u00bbcenter\u00a0\u00bb background_image_as_pattern=\u00a0\u00bbwithout_pattern\u00a0\u00bb z_index=\u00a0\u00bb\u00a0\u00bb][vc_column][vc_empty_space height=\u00a0\u00bb25px\u00a0\u00bb][vc_column_text css=\u00a0\u00bb\u00a0\u00bb] surclasser votre expe\u0301rience [\/vc_column_text][vc_empty_space height=\u00a0\u00bb25px\u00a0\u00bb][vc_column_text css=\u00a0\u00bb\u00a0\u00bb]Un s\u00e9jour plein d&rsquo;\u00e9motions. Choisissez l&rsquo;endroit parfait pour prendre soin de votre corps&#8230;<\/p>\n","protected":false},"author":1,"featured_media":0,"parent":0,"menu_order":0,"comment_status":"closed","ping_status":"closed","template":"","meta":{"footnotes":""},"class_list":["post-639","page","type-page","status-publish","hentry"],"_links":{"self":[{"href":"https:\/\/aromadirectory.it\/fr\/wp-json\/wp\/v2\/pages\/639","targetHints":{"allow":["GET"]}}],"collection":[{"href":"https:\/\/aromadirectory.it\/fr\/wp-json\/wp\/v2\/pages"}],"about":[{"href":"https:\/\/aromadirectory.it\/fr\/wp-json\/wp\/v2\/types\/page"}],"author":[{"embeddable":true,"href":"https:\/\/aromadirectory.it\/fr\/wp-json\/wp\/v2\/users\/1"}],"replies":[{"embeddable":true,"href":"https:\/\/aromadirectory.it\/fr\/wp-json\/wp\/v2\/comments?post=639"}],"version-history":[{"count":5,"href":"https:\/\/aromadirectory.it\/fr\/wp-json\/wp\/v2\/pages\/639\/revisions"}],"predecessor-version":[{"id":766,"href":"https:\/\/aromadirectory.it\/fr\/wp-json\/wp\/v2\/pages\/639\/revisions\/766"}],"wp:attachment":[{"href":"https:\/\/aromadirectory.it\/fr\/wp-json\/wp\/v2\/media?parent=639"}],"curies":[{"name":"wp","href":"https:\/\/api.w.org\/{rel}","templated":true}]}}