{"id":647,"date":"2025-04-03T17:46:50","date_gmt":"2025-04-03T15:46:50","guid":{"rendered":"https:\/\/aromadirectory.it\/transports\/"},"modified":"2025-10-23T21:07:31","modified_gmt":"2025-10-23T19:07:31","slug":"transports","status":"publish","type":"page","link":"https:\/\/aromadirectory.it\/fr\/transports\/","title":{"rendered":"Transports"},"content":{"rendered":"<div class=\"wpb-content-wrapper\"><p>[vc_row css_animation=\u00a0\u00bb\u00a0\u00bb row_type=\u00a0\u00bbrow\u00a0\u00bb use_row_as_full_screen_section=\u00a0\u00bbno\u00a0\u00bb type=\u00a0\u00bbfull_width\u00a0\u00bb angled_section=\u00a0\u00bbno\u00a0\u00bb text_align=\u00a0\u00bbcenter\u00a0\u00bb background_image_as_pattern=\u00a0\u00bbwithout_pattern\u00a0\u00bb z_index=\u00a0\u00bb\u00a0\u00bb][vc_column][vc_empty_space height=\u00a0\u00bb25px\u00a0\u00bb][vc_single_image image=\u00a0\u00bb329&Prime; img_size=\u00a0\u00bbfull\u00a0\u00bb alignment=\u00a0\u00bbcenter\u00a0\u00bb onclick=\u00a0\u00bbcustom_link\u00a0\u00bb css=\u00a0\u00bb\u00a0\u00bb qode_css_animation=\u00a0\u00bb\u00a0\u00bb link=\u00a0\u00bbhttps:\/\/aromadirectory.it\/fr\/\u00a0\u00bb][\/vc_column][\/vc_row][vc_row css_animation=\u00a0\u00bb\u00a0\u00bb row_type=\u00a0\u00bbrow\u00a0\u00bb use_row_as_full_screen_section=\u00a0\u00bbno\u00a0\u00bb type=\u00a0\u00bbfull_width\u00a0\u00bb angled_section=\u00a0\u00bbno\u00a0\u00bb text_align=\u00a0\u00bbcenter\u00a0\u00bb background_image_as_pattern=\u00a0\u00bbwithout_pattern\u00a0\u00bb z_index=\u00a0\u00bb\u00a0\u00bb][vc_column][vc_empty_space height=\u00a0\u00bb25px\u00a0\u00bb][vc_column_text css=\u00a0\u00bb\u00a0\u00bb]<\/p>\n<h2 class=\"hotel-info__header\" style=\"text-align: center;\">Transports<\/h2>\n<p>[\/vc_column_text][vc_empty_space height=\u00a0\u00bb25px\u00a0\u00bb][\/vc_column][\/vc_row][vc_row css_animation=\u00a0\u00bb\u00a0\u00bb row_type=\u00a0\u00bbrow\u00a0\u00bb use_row_as_full_screen_section=\u00a0\u00bbno\u00a0\u00bb type=\u00a0\u00bbfull_width\u00a0\u00bb angled_section=\u00a0\u00bbno\u00a0\u00bb text_align=\u00a0\u00bbleft\u00a0\u00bb background_image_as_pattern=\u00a0\u00bbwithout_pattern\u00a0\u00bb z_index=\u00a0\u00bb\u00a0\u00bb][vc_column]<div class=\"qode-accordion-holder clearfix qode-toggle qode-initial \">\n\t<h3 class=\"clearfix qode-title-holder\">\n<span class=\"qode-tab-title\">\n\t    <span class=\"qode-tab-title-inner\">\n        Dans le centre-ville    <\/span>\n<\/span>\n<span class=\"qode-accordion-mark\">\n    <span class=\"qode-accordion-mark-icon\">\n        <span class=\"icon_plus\"><\/span>\n        <span class=\"icon_minus-06\"><\/span>\n    <\/span>\n<\/span>\n<\/h3>\n<div  class=\"qode-accordion-content \" >\n    <div class=\"qode-accordion-content-inner\">\n        [vc_single_image image=\u00a0\u00bb377&Prime; img_size=\u00a0\u00bbfull\u00a0\u00bb alignment=\u00a0\u00bbcenter\u00a0\u00bb css=\u00a0\u00bb\u00a0\u00bb qode_css_animation=\u00a0\u00bb\u00a0\u00bb][vc_empty_space height=\u00a0\u00bb20px\u00a0\u00bb][vc_column_text css=\u00a0\u00bb\u00a0\u00bb]<\/p>\n<h4>Comment arriver au centre-ville<\/h4>\n<p>A.Roma Lifestyle Hotel est situ\u00e9 \u00e0 environ 4 km du Vatican et \u00e0 5 km d\u2019autres attractions touristiques principales telles que le Colis\u00e9e, la Fontaine de Trevi, le Pantheon et la Place d\u2019Espagne. Il sont joignables en environ 20 minutes en voiture.<\/p>\n<p><strong>. Service de taxi:<\/strong> vous pouvez demander un taxi pour le centre-ville. Les r\u00e9servations ne sont pas accept\u00e9es. Il fonctionne par compteur qui varie en fonction de destination.. Le co\u00fbt est d\u2019environ 25,00 \u20ac<\/p>\n<p><strong>. Service de navette: <\/strong>Vous pouvez organiser un service de navette aller-retour le quartier du shopping e le Vatican au prix de 5,00 \u20ac. Le service est disponible sur demande et une r\u00e9servation 24 heures \u00e0 l\u2019avance est demand\u00e9e. Pour plus d\u2019informations sur les horaires, veuillez nous envoyer un message.<\/p>\n<p><strong>. Transfert priv\u00e9 : <\/strong>Vous pouvez organiser un service de transfert priv\u00e9 par l\u2019h\u00f4tel. Une r\u00e9servation \u00e0 l\u2019avance est demand\u00e9e.Pour plus d\u2019informations, nous vous demandons de nous envoyer un message indiquant votre heure de d\u00e9part et votre num\u00e9ro de passager.<\/p>\n<p><strong>. Transports en commun :<\/strong> on conseille de prendre la ligne de bus H ou le tram 8 pour rejoindre la Place Venice, la Place Navona, Campo dei Fiori, Largo Argentine. La ligne de bus 98 vous permettra d\u2019atteindre les Mus\u00e9es du Vatican et la Basilique Saint-Pierre. Pour rejoindre autres attractions telles que la basilique Saint-Jean \u00e0 Lateran et la Basilique Saint-Paul, prenez la ligne de bus 792.[\/vc_column_text][vc_empty_space height=\u00a0\u00bb10px\u00a0\u00bb]<a  itemprop=\"url\" href=\"https:\/\/aromadirectory.it\/wp-content\/uploads\/2025\/04\/map-roma.pdf\" target=\"_blank\" data-hover-background-color=\"#000000\" data-hover-border-color=\"#FFFFFF\" data-hover-color=\"#FFFFFF\" class=\"qbutton  medium center white default\" style=\"color: #FFFFFF; border-color: #FFFFFF; font-weight: 500; font-family: JOST; font-size: 16px; margin: 5px 5px 5px 5px; background-color:#A6834A;\">A.Roma plan<\/a>    <\/div>\n<\/div><\/div>[vc_empty_space height=\u00a0\u00bb25px\u00a0\u00bb]<div class=\"qode-accordion-holder clearfix qode-toggle qode-initial \">\n\t<h3 class=\"clearfix qode-title-holder\">\n<span class=\"qode-tab-title\">\n\t    <span class=\"qode-tab-title-inner\">\n        La rentre\u0301e    <\/span>\n<\/span>\n<span class=\"qode-accordion-mark\">\n    <span class=\"qode-accordion-mark-icon\">\n        <span class=\"icon_plus\"><\/span>\n        <span class=\"icon_minus-06\"><\/span>\n    <\/span>\n<\/span>\n<\/h3>\n<div  class=\"qode-accordion-content \" >\n    <div class=\"qode-accordion-content-inner\">\n        [vc_single_image image=\u00a0\u00bb381&Prime; img_size=\u00a0\u00bbfull\u00a0\u00bb alignment=\u00a0\u00bbcenter\u00a0\u00bb css=\u00a0\u00bb\u00a0\u00bb qode_css_animation=\u00a0\u00bb\u00a0\u00bb][vc_empty_space height=\u00a0\u00bb20px\u00a0\u00bb][vc_column_text css=\u00a0\u00bb\u00a0\u00bb]<\/p>\n<h4>La rentre\u0301e<\/h4>\n<p>[\/vc_column_text][vc_empty_space height=\u00a0\u00bb10px\u00a0\u00bb]<a  itemprop=\"url\" href=\"mailto:info.aroma@ldchotels.com?subject=R\u00e9servez%20service%20de%20navette%20-%20Demande%20via%20hotel%20directory\" target=\"_blank\" data-hover-background-color=\"#000000\" data-hover-border-color=\"#FFFFFF\" data-hover-color=\"#FFFFFF\" class=\"qbutton  medium center white default\" style=\"color: #FFFFFF; border-color: #FFFFFF; font-weight: 500; font-family: JOST; font-size: 16px; margin: 5px 5px 5px 5px; background-color:#A6834A;\">R\u00e9servez service de navette<\/a>[vc_empty_space height=\u00a0\u00bb10px\u00a0\u00bb]<a  itemprop=\"url\" href=\"mailto:info.aroma@ldchotels.com?subject=R\u00e9servez%20transfert%20priv\u00e9%20-%20Demande%20via%20hotel%20directory\" target=\"_blank\" data-hover-background-color=\"#000000\" data-hover-border-color=\"#FFFFFF\" data-hover-color=\"#FFFFFF\" class=\"qbutton  medium center white default\" style=\"color: #FFFFFF; border-color: #FFFFFF; font-weight: 500; font-family: JOST; font-size: 16px; margin: 5px 5px 5px 5px; background-color:#A6834A;\">R\u00e9servez transfert priv\u00e9<\/a>[vc_empty_space height=\u00a0\u00bb20px\u00a0\u00bb][vc_column_text css=\u00a0\u00bb\u00a0\u00bb]<\/p>\n<h4>\u00c0 l\u2019a\u00e9roport de Ciampino<\/h4>\n<div class=\"modal__content\">\n<p>L\u2019a\u00e9roport de Ciampino est situ\u00e9 \u00e0 seulement 22 km de l\u2019h\u00f4tel, \u00e0 20 minutes en voiture le long de la GRA.<\/p>\n<p><b>Service de taxi<\/b>: les stations de taxi sont disponibles sur la place en face de l\u2019a\u00e9roport lui-m\u00eame. Il fonctionne par compteur qui varie en fonction de la destination. Il co\u00fbt environ 56,00 \u20ac.<\/p>\n<p><b>Transfert priv\u00e9: <\/b>Vous pouvez organiser un transfert priv\u00e9 par l\u2019h\u00f4tel. Une r\u00e9servation \u00e0 l\u2019avance est demand\u00e9e. On conseille de aller \u00e0 l\u2019a\u00e9roport 2 heures avant de votre vol.Pour plus d\u2019informations, veuillez nous envoyer un message avec votre heure de d\u00e9part et le nombre de passagers.<\/p>\n<p><b>Transports en commun:<\/b> Nous vous recommandons de r\u00e9server un service de navette Terravision ou Sitbus de la gare de Termini l\u2019a\u00e9roport de Ciampino Prenez la ligne de bus H de la gare Biagio Pace (\u00e0 5 minutes \u00e0 pied de l&rsquo;h\u00f4tel et descendez \u00e0 la gare Roma Termini.<\/p>\n<\/div>\n<p>[\/vc_column_text][vc_empty_space height=\u00a0\u00bb20px\u00a0\u00bb][vc_column_text css=\u00a0\u00bb\u00a0\u00bb]<\/p>\n<h4>\u00c0 l\u2019a\u00e9roport de Fiumicino<\/h4>\n<div class=\"modal__content\">\n<div class=\"modal__content\">\n<p>L\u2019a\u00e9roport de Fiumicino est situ\u00e9 \u00e0 seulement 25 km de l\u2019h\u00f4tel, \u00e0 30 minutes en voiture le long de la GRA.<\/p>\n<p><b>Service de taxi:<\/b> il est possible de demander un taxi pour aller \u00e0 l\u2019a\u00e9roport.Il fonctionne par compteur qui varie en fonction de la destination. Il co\u00fbt environ 48,00 \u20ac.<\/p>\n<p><b>Service de navette: <\/b>Vous pouvez organiser un service de navette au co\u00fbt de 15,00 \u20ac par personne. Une r\u00e9servation 24 heures \u00e0 l\u2019avance est demand\u00e9e . . Nous vous recommandons d&rsquo;\u00eatre \u00e0 l&rsquo;a\u00e9roport deux heures avant le d\u00e9part de votre vol. Pour plus d&rsquo;informations sur les horaires de la navette, veuillez contacter la r\u00e9ception<\/p>\n<p><b>Transfert priv\u00e9:<\/b> Vous pouvez organiser un transfert priv\u00e9 par l\u2019h\u00f4tel. Une r\u00e9servation \u00e0 l\u2019avance est demand\u00e9e. On conseille de aller \u00e0 l\u2019a\u00e9roport 2 heures avant de votre vol.Pour plus d\u2019informations, veuillez nous envoyer un message avec, votre heure de d\u00e9part et le nombre de passagers.<\/p>\n<p><b>Transports en commun: <\/b>nous vous recommandons de prendre le train local FL1 de la station de Roma Trastevere \u00e0 l\u2019a\u00e9roport de Fiumicino. Prenez la ligne de bus H de Biagio Pace (minutes \u00e0 pied de l&rsquo;h\u00f4tel \u00e0 la station.<\/p>\n<\/div>\n<\/div>\n<p>[\/vc_column_text][vc_empty_space height=\u00a0\u00bb20px\u00a0\u00bb][vc_column_text css=\u00a0\u00bb\u00a0\u00bb]<\/p>\n<h4>Du port de Civitavecchia<\/h4>\n<div class=\"modal__content\">\n<div class=\"modal__content\">\n<div class=\"modal__content\">\n<p>Le port de Civitavecchia est situ\u00e9 \u00e0 80 km de l\u2019h\u00f4tel, \u00e0 environ une heure de route le long de l\u2019autoroute A12.<\/p>\n<p><b>Service de taxi:<\/b> il est possible de demander une service de taxi. R\u00e9servations ne sont pas accept\u00e9es.Il fonctionne par compteur qui varie en fonction de la destination. Il co\u00fbt environ 130,00 \u20ac<\/p>\n<p><b>Transfert priv\u00e9: <\/b>Vous pouvez organiser un service de transfert priv\u00e9 par l\u2019h\u00f4tel. Une r\u00e9servation \u00e0 l\u2019avance est demand\u00e9e. On conseille d\u2019arriver au port une heure avant du d\u00e9part de votre bateau. Pour plus d\u2019informations, veuillez nous envoyer un message avec l\u2019heure de d\u00e9part et le nombre de passagers.<\/p>\n<p><b>Transports en commun:<\/b> il est conseill\u00e9 de prendre la ligne FL5 de Rome Trastevere au port de Civitavecchia Prenez la ligne de bus H de l\u2019arr\u00eat de Biagio Pace ( \u00e0 5 minutes \u00e0 pied de l&rsquo;h\u00f4tel) et descendez \u00e0 la station.<\/p>\n<\/div>\n<\/div>\n<\/div>\n<p>[\/vc_column_text][vc_empty_space height=\u00a0\u00bb20px\u00a0\u00bb][vc_column_text css=\u00a0\u00bb\u00a0\u00bb]<\/p>\n<h4>\u00c0 la station de train Rome Termini ou Roma Tiburtina<\/h4>\n<div class=\"modal__content\">\n<div class=\"modal__content\">\n<div class=\"modal__content\">\n<div class=\"modal__content\">\n<p>La gare de Rome Termini se trouve \u00e0 seulement 10 km de l\u2019h\u00f4tel, en environ 15 minutes en voiture ou en taxi. La gare de Rome Tiburtina se trouve \u00e0 13 km de l&rsquo;h\u00f4tel environ 15 minutes en voiture ou en taxi.<\/p>\n<p><b>Service de taxi:<\/b> Il est possible de demander un taxi \u00e0 l\u2019avance. R\u00e9servations ne sont pas accept\u00e9s. Il fonctionne par m\u00e8tre qui varie en fonction de la destination. Il co\u00fbt environ 30,00 \u20ac.<\/p>\n<p><b>Transfert priv\u00e9: <\/b>Vous pouvez organiser un transfert priv\u00e9 par l\u2019h\u00f4tel. Une r\u00e9servation \u00e0 l\u2019avance est demand\u00e9e. On conseille d\u2019aller \u00e0 la station 30 minute avant du d\u00e9part de votre train. Pour plus d\u2019informations, veuillez nous envoyer un message avec l\u2019heure de d\u00e9part et le nombre de passagers.<\/p>\n<p><b>Transports en commun: <\/b>nous vous recommandons de prendre ligne de bus H ( (\u00e0 5 minutes \u00e0 pied de l\u2019h\u00f4tel)de l&rsquo;arr\u00eat de Biagio Pace \u00e0 la gare de Roma Termini. Pour rejoindre la station de Roma Tiburtina, prenez le m\u00e9tro (ligne B- direction Rebibbia) de la gare de Rome Termini et descendez \u00e0 la station de Roma Tiburtina.<\/p>\n<\/div>\n<\/div>\n<\/div>\n<\/div>\n<p>[\/vc_column_text]    <\/div>\n<\/div><\/div>[vc_empty_space height=\u00a0\u00bb25px\u00a0\u00bb][\/vc_column][\/vc_row][vc_row css_animation=\u00a0\u00bb\u00a0\u00bb row_type=\u00a0\u00bbrow\u00a0\u00bb use_row_as_full_screen_section=\u00a0\u00bbno\u00a0\u00bb type=\u00a0\u00bbfull_width\u00a0\u00bb angled_section=\u00a0\u00bbno\u00a0\u00bb text_align=\u00a0\u00bbcenter\u00a0\u00bb background_image_as_pattern=\u00a0\u00bbwithout_pattern\u00a0\u00bb z_index=\u00a0\u00bb\u00a0\u00bb][vc_column][vc_empty_space height=\u00a0\u00bb40px\u00a0\u00bb][vc_column_text css=\u00a0\u00bb\u00a0\u00bb]<\/p>\n<h6 style=\"text-align: center;\"><a href=\"https:\/\/aromadirectory.it\/fr\/\">&lt;&lt;&lt; retour \u00e0 la home &lt;&lt;&lt;<\/a><\/h6>\n<p>[\/vc_column_text][vc_empty_space height=\u00a0\u00bb100px\u00a0\u00bb][\/vc_column][\/vc_row]<\/p>\n<\/div>","protected":false},"excerpt":{"rendered":"<p>[vc_row css_animation=\u00a0\u00bb\u00a0\u00bb row_type=\u00a0\u00bbrow\u00a0\u00bb use_row_as_full_screen_section=\u00a0\u00bbno\u00a0\u00bb type=\u00a0\u00bbfull_width\u00a0\u00bb angled_section=\u00a0\u00bbno\u00a0\u00bb text_align=\u00a0\u00bbcenter\u00a0\u00bb background_image_as_pattern=\u00a0\u00bbwithout_pattern\u00a0\u00bb z_index=\u00a0\u00bb\u00a0\u00bb][vc_column][vc_empty_space height=\u00a0\u00bb25px\u00a0\u00bb][vc_single_image image=\u00a0\u00bb329&Prime; img_size=\u00a0\u00bbfull\u00a0\u00bb alignment=\u00a0\u00bbcenter\u00a0\u00bb onclick=\u00a0\u00bbcustom_link\u00a0\u00bb css=\u00a0\u00bb\u00a0\u00bb qode_css_animation=\u00a0\u00bb\u00a0\u00bb link=\u00a0\u00bbhttps:\/\/aromadirectory.it\/fr\/\u00a0\u00bb][\/vc_column][\/vc_row][vc_row css_animation=\u00a0\u00bb\u00a0\u00bb row_type=\u00a0\u00bbrow\u00a0\u00bb use_row_as_full_screen_section=\u00a0\u00bbno\u00a0\u00bb type=\u00a0\u00bbfull_width\u00a0\u00bb angled_section=\u00a0\u00bbno\u00a0\u00bb text_align=\u00a0\u00bbcenter\u00a0\u00bb background_image_as_pattern=\u00a0\u00bbwithout_pattern\u00a0\u00bb z_index=\u00a0\u00bb\u00a0\u00bb][vc_column][vc_empty_space height=\u00a0\u00bb25px\u00a0\u00bb][vc_column_text css=\u00a0\u00bb\u00a0\u00bb] Transports [\/vc_column_text][vc_empty_space height=\u00a0\u00bb25px\u00a0\u00bb][\/vc_column][\/vc_row][vc_row css_animation=\u00a0\u00bb\u00a0\u00bb row_type=\u00a0\u00bbrow\u00a0\u00bb use_row_as_full_screen_section=\u00a0\u00bbno\u00a0\u00bb type=\u00a0\u00bbfull_width\u00a0\u00bb angled_section=\u00a0\u00bbno\u00a0\u00bb text_align=\u00a0\u00bbleft\u00a0\u00bb background_image_as_pattern=\u00a0\u00bbwithout_pattern\u00a0\u00bb z_index=\u00a0\u00bb\u00a0\u00bb][vc_column][vc_empty_space height=\u00a0\u00bb25px\u00a0\u00bb][vc_empty_space height=\u00a0\u00bb25px\u00a0\u00bb][\/vc_column][\/vc_row][vc_row css_animation=\u00a0\u00bb\u00a0\u00bb row_type=\u00a0\u00bbrow\u00a0\u00bb use_row_as_full_screen_section=\u00a0\u00bbno\u00a0\u00bb type=\u00a0\u00bbfull_width\u00a0\u00bb angled_section=\u00a0\u00bbno\u00a0\u00bb&#8230;<\/p>\n","protected":false},"author":1,"featured_media":0,"parent":0,"menu_order":0,"comment_status":"closed","ping_status":"closed","template":"full_width.php","meta":{"footnotes":""},"class_list":["post-647","page","type-page","status-publish","hentry"],"_links":{"self":[{"href":"https:\/\/aromadirectory.it\/fr\/wp-json\/wp\/v2\/pages\/647","targetHints":{"allow":["GET"]}}],"collection":[{"href":"https:\/\/aromadirectory.it\/fr\/wp-json\/wp\/v2\/pages"}],"about":[{"href":"https:\/\/aromadirectory.it\/fr\/wp-json\/wp\/v2\/types\/page"}],"author":[{"embeddable":true,"href":"https:\/\/aromadirectory.it\/fr\/wp-json\/wp\/v2\/users\/1"}],"replies":[{"embeddable":true,"href":"https:\/\/aromadirectory.it\/fr\/wp-json\/wp\/v2\/comments?post=647"}],"version-history":[{"count":4,"href":"https:\/\/aromadirectory.it\/fr\/wp-json\/wp\/v2\/pages\/647\/revisions"}],"predecessor-version":[{"id":761,"href":"https:\/\/aromadirectory.it\/fr\/wp-json\/wp\/v2\/pages\/647\/revisions\/761"}],"wp:attachment":[{"href":"https:\/\/aromadirectory.it\/fr\/wp-json\/wp\/v2\/media?parent=647"}],"curies":[{"name":"wp","href":"https:\/\/api.w.org\/{rel}","templated":true}]}}